{"id":1006,"date":"2017-10-02T17:52:09","date_gmt":"2017-10-02T15:52:09","guid":{"rendered":"https:\/\/www.lamarette.com\/accueil\/"},"modified":"2023-05-05T12:29:26","modified_gmt":"2023-05-05T10:29:26","slug":"accueil","status":"publish","type":"page","link":"https:\/\/www.lamarette.com\/nl\/","title":{"rendered":"Home"},"content":{"rendered":"<p><div class=\"fusion-fullwidth fullwidth-box fusion-builder-row-1 fusion-flex-container nonhundred-percent-fullwidth non-hundred-percent-height-scrolling\" style=\"background-color: rgba(255,255,255,0);background-position: center center;background-repeat: no-repeat;border-width: 0px 0px 0px 0px;border-color:#eae9e9;border-style:solid;\" ><div class=\"fusion-builder-row fusion-row fusion-flex-align-items-flex-start\" style=\"max-width:1664px;margin-left: calc(-4% \/ 2 );margin-right: calc(-4% \/ 2 );\"><div class=\"fusion-layout-column fusion_builder_column fusion-builder-column-0 fusion_builder_column_1_1 1_1 fusion-flex-column\"><div class=\"fusion-column-wrapper fusion-flex-justify-content-flex-start fusion-content-layout-column\" style=\"background-position:left top;background-repeat:no-repeat;-webkit-background-size:cover;-moz-background-size:cover;-o-background-size:cover;background-size:cover;padding: 0px 0px 0px 0px;\"><style type=\"text\/css\">@media only screen and (max-width:1024px) {.fusion-title.fusion-title-1{margin-top:0px!important;margin-bottom:31px!important;}}@media only screen and (max-width:640px) {.fusion-title.fusion-title-1{margin-top:10px!important;margin-bottom:10px!important;}}<\/style><div class=\"fusion-title title fusion-title-1 fusion-sep-none fusion-title-center fusion-title-text fusion-title-size-one\" style=\"font-size:26px;margin-top:0px;margin-bottom:31px;\"><h1 class=\"title-heading-center\" style=\"margin:0;font-size:1em;\"><span class=\"nd\">Camping La Marette *** Sites &amp; Paysages,<\/span><br \/>\naan de voet van het Tanargue-massief en 30 minuten van Ruoms, Ard\u00e8che 07<\/h1><\/div><\/div><\/div><style type=\"text\/css\">.fusion-body .fusion-builder-column-0{width:100% !important;margin-top : 0px;margin-bottom : 20px;}.fusion-builder-column-0 > .fusion-column-wrapper {padding-top : 0px !important;padding-right : 0px !important;margin-right : 1.92%;padding-bottom : 0px !important;padding-left : 0px !important;margin-left : 1.92%;}@media only screen and (max-width:1024px) {.fusion-body .fusion-builder-column-0{width:100% !important;order : 0;}.fusion-builder-column-0 > .fusion-column-wrapper {margin-right : 1.92%;margin-left : 1.92%;}}@media only screen and (max-width:640px) {.fusion-body .fusion-builder-column-0{width:100% !important;order : 0;}.fusion-builder-column-0 > .fusion-column-wrapper {margin-right : 1.92%;margin-left : 1.92%;}}<\/style><div class=\"fusion-layout-column fusion_builder_column fusion-builder-column-1 fusion_builder_column_1_1 1_1 fusion-flex-column max-width-1400\" id=\"edito\"><div class=\"fusion-column-wrapper fusion-flex-justify-content-flex-start fusion-content-layout-column\" style=\"background-position:left top;background-repeat:no-repeat;-webkit-background-size:cover;-moz-background-size:cover;-o-background-size:cover;background-size:cover;padding: 0px 0px 0px 0px;\"><div class=\"fusion-builder-row fusion-builder-row-inner fusion-row fusion-flex-align-items-flex-start\" style=\"width:104% !important;max-width:104% !important;margin-left: calc(-4% \/ 2 );margin-right: calc(-4% \/ 2 );\"><div class=\"fusion-layout-column fusion_builder_column_inner fusion-builder-nested-column-0 fusion_builder_column_inner_1_2 1_2 fusion-flex-column\"><div class=\"fusion-column-wrapper fusion-flex-justify-content-flex-start fusion-content-layout-column\" style=\"background-position:left top;background-repeat:no-repeat;-webkit-background-size:cover;-moz-background-size:cover;-o-background-size:cover;background-size:cover;padding: 0px 0px 0px 0px;\"><div class=\"fusion-text fusion-text-1\" style=\"transform:translate3d(0,0,0);\"><p>In Joannas, Zuid-Ard\u00e8che, aan de uitlopers van het <strong>Massif du Tanargue<\/strong>, middenin een prachtig natuurgebied treft u een <strong>gezellige 3-sterren camping <\/strong> voor een schitterende vakantie met vele momenten van plezier.<\/p>\n<p>Hier zult u het asfalt en beton, het drukke stadsleven met de dagelijkse stress snel vergeten.<\/p>\n<p>U bent een <strong>natuurliefhebber<\/strong>, u bent sportief, u houdt van <strong>wandelen<\/strong>, paardrijden, <strong>mountainbiken<\/strong>, geniet van nieuwe ervaringen door de gebaande paden te verlaten.<\/p>\n<p>La Marette is een <strong>wilde plek<\/strong>, in volle natuur, wondermooi in terrasvorm aangelegd op de zuidkant van de bergketen van het Tanargue-massief.<\/p>\n<p>Het uitzonderlijk hoge aantal uren zonneschijn in deze streek vormt een heerlijke combinatie met de verfrissende bries die in de zomer soms door het middelgebergte waait (u bevindt zich op 400 m hoogte).<\/p>\n<\/div><\/div><\/div><style type=\"text\/css\">.fusion-body .fusion-builder-nested-column-0{width:50% !important;margin-top : 0px;margin-bottom : 0px;}.fusion-builder-nested-column-0 > .fusion-column-wrapper {padding-top : 0px !important;padding-right : 0px !important;margin-right : 3.84%;padding-bottom : 0px !important;padding-left : 0px !important;margin-left : 3.84%;}@media only screen and (max-width:1024px) {.fusion-body .fusion-builder-nested-column-0{width:100% !important;}.fusion-builder-nested-column-0 > .fusion-column-wrapper {margin-right : 1.92%;margin-left : 1.92%;}}@media only screen and (max-width:640px) {.fusion-body .fusion-builder-nested-column-0{width:100% !important;}.fusion-builder-nested-column-0 > .fusion-column-wrapper {margin-right : 1.92%;margin-left : 1.92%;}}<\/style><div class=\"fusion-layout-column fusion_builder_column_inner fusion-builder-nested-column-1 fusion_builder_column_inner_1_2 1_2 fusion-flex-column\"><div class=\"fusion-column-wrapper fusion-flex-justify-content-flex-start fusion-content-layout-column\" style=\"background-position:left top;background-repeat:no-repeat;-webkit-background-size:cover;-moz-background-size:cover;-o-background-size:cover;background-size:cover;padding: 0px 0px 0px 0px;\"><div class=\"fusion-text fusion-text-2\" style=\"transform:translate3d(0,0,0);\"><p>AVer weg van het lawaai en de jachtige drukte van het massatoerisme, en toch liggen de Ard\u00e8che en al het moois dat deze streek te bieden heeft hier binnen handbereik: u zult zich heerlijk <strong>ontspannen<\/strong> en vermaken in \u00e9\u00e9n van de mooiste valleien van de Vivarais c\u00e9venol.<\/p>\n<p>Op warme dagen kunt u zich liever ontspannen in onze <strong>2 zwembaden<\/strong>, een met <strong>waterglijbanen<\/strong>, uzelf onderdompelen in het <strong>frisse water van de nabijgelegen rivier<\/strong> La Beaume, of een frisse neus halen en regeneratief op de hoogten van Tanargue of op de kroonlijst van Vivarais een paar stappen hier vandaan.<\/p>\n<p>Als u ervan droomt de <strong>Gorges de l&#8217;Ard\u00e8che<\/strong> af te varen in kano of kayak, of de rivierengten (gorges) te voet te verkennen, kan u dit avontuur wagen vanuit Vogu\u00eb of Balazuc op 20 min. met de auto.<\/p>\n<p>We danken u alvast hartelijk voor uw bezoek en hopen dat deze virtuele tocht u zal overtuigen om uw volgende <strong>vakantie<\/strong> in deze wondermooie omgeving door te brengen.<\/p>\n<\/div><\/div><\/div><style type=\"text\/css\">.fusion-body .fusion-builder-nested-column-1{width:50% !important;margin-top : 0px;margin-bottom : 0px;}.fusion-builder-nested-column-1 > .fusion-column-wrapper {padding-top : 0px !important;padding-right : 0px !important;margin-right : 3.84%;padding-bottom : 0px !important;padding-left : 0px !important;margin-left : 3.84%;}@media only screen and (max-width:1024px) {.fusion-body .fusion-builder-nested-column-1{width:100% !important;}.fusion-builder-nested-column-1 > .fusion-column-wrapper {margin-right : 1.92%;margin-left : 1.92%;}}@media only screen and (max-width:640px) {.fusion-body .fusion-builder-nested-column-1{width:100% !important;}.fusion-builder-nested-column-1 > .fusion-column-wrapper {margin-right : 1.92%;margin-left : 1.92%;}}<\/style><\/div><div style=\"text-align:center;\"><style type=\"text\/css\">.fusion-button.button-1 {border-radius:2px;}<\/style><a class=\"fusion-button button-flat button-medium button-default button-1 fusion-button-default-span \" target=\"_blank\" rel=\"noopener noreferrer\" href=\"https:\/\/notre.guide\/5420\/nl#home_tourism\"><span class=\"fusion-button-icon-divider button-icon-divider-left\"><i class=\"fa-external-link-alt fas\" aria-hidden=\"true\"><\/i><\/span><span class=\"fusion-button-text fusion-button-text-left\">Digitaal boekje van de camping<\/span><\/a><\/div><div class=\"fusion-separator fusion-full-width-sep\" style=\"align-self: center;margin-left: auto;margin-right: auto;margin-top:30px;width:100%;\"><\/div><div class=\"fusion-text fusion-text-3 check-list-pdf\" style=\"transform:translate3d(0,0,0);\"><p style=\"text-align: center;\"><i class=\"fa-check-square fas\" data-name=\"check\" aria-hidden=\"true\"><\/i> Om niets te vergeten, kunt u overwegen om de <a href=\"\/wp-content\/uploads\/check-list-nl.pdf\" target=\"_blank\" rel=\"noopener\">checklist voor vertrek<\/a> af te drukken!<\/p>\n<\/div><\/div><\/div><style type=\"text\/css\">.fusion-body .fusion-builder-column-1{width:100% !important;margin-top : 0px;margin-bottom : 20px;}.fusion-builder-column-1 > .fusion-column-wrapper {padding-top : 0px !important;padding-right : 0px !important;margin-right : 1.92%;padding-bottom : 0px !important;padding-left : 0px !important;margin-left : 1.92%;}@media only screen and (max-width:1024px) {.fusion-body .fusion-builder-column-1{width:100% !important;}.fusion-builder-column-1 > .fusion-column-wrapper {margin-right : 1.92%;margin-left : 1.92%;}}@media only screen and (max-width:640px) {.fusion-body .fusion-builder-column-1{width:100% !important;}.fusion-builder-column-1 > .fusion-column-wrapper {margin-right : 1.92%;margin-left : 1.92%;}}<\/style><\/div><style type=\"text\/css\">.fusion-body .fusion-flex-container.fusion-builder-row-1{ padding-top : 60px;margin-top : 0px;padding-right : 0px;padding-bottom : 50px;margin-bottom : 0px;padding-left : 0px;}<\/style><\/div><div class=\"fusion-fullwidth fullwidth-box fusion-builder-row-2 blocs-full-width hundred-percent-fullwidth non-hundred-percent-height-scrolling fusion-equal-height-columns\" style=\"background-color: rgba(255,255,255,0);background-position: center center;background-repeat: no-repeat;padding-top:0px;padding-right:0px;padding-bottom:0px;padding-left:0px;margin-bottom: 10px;margin-top: 0px;border-width: 0px 0px 0px 0px;border-color:#eae9e9;border-style:solid;\" ><div class=\"fusion-builder-row fusion-row\"><div class=\"fusion-layout-column fusion_builder_column fusion-builder-column-2 fusion_builder_column_1_4 1_4 fusion-one-fourth fusion-column-first bloc-accueil fusion-column-inner-bg-wrapper\" style=\"width:25%;width:calc(25% - ( ( 0px + 0px + 0px ) * 0.25 ) );margin-right: 0px;margin-top:0px;margin-bottom:0px;\"><div class=\"fusion-column-wrapper fusion-flex-column-wrapper-legacy\" style=\"padding: 0px 0px 0px 0px;\"><style type=\"text\/css\"><\/style><div class=\"fusion-title title fusion-title-2 fusion-sep-none fusion-title-center fusion-title-text fusion-title-size-two\" style=\"margin-top:0px;margin-bottom:31px;\"><h2 class=\"title-heading-center\" style=\"margin:0;\">Staanplaatsen<br \/>\nvan de camping<\/h2><\/div><div class=\"fusion-text fusion-text-4\" style=\"transform:translate3d(0,0,0);\"><p class=\"bloc-accueil-descriptif\">55 schaduwrijke staanplaatsen voor tenten en caravans<\/p>\n<\/div><div class=\"imageframe-align-center\"><span class=\" fusion-imageframe imageframe-none imageframe-1 hover-type-none\"><img decoding=\"async\" width=\"795\" height=\"795\" alt=\"Emplacements\" title=\"bloc-accueil-emplacements2\" src=\"https:\/\/www.lamarette.com\/wp-content\/uploads\/bloc-accueil-emplacements2.jpg\" class=\"img-responsive wp-image-1784\"\/><\/span><\/div><div class=\"fusion-clearfix\"><\/div><\/div><span class=\"fusion-column-inner-bg hover-type-none\"><a href=\"\/nl\/accommodaties\/staanplaatsen\/\"><span class=\"fusion-column-inner-bg-image\" style=\"background-position:left top;background-repeat:no-repeat;-webkit-background-size:cover;-moz-background-size:cover;-o-background-size:cover;background-size:cover;\"><\/span><\/a><\/span><\/div><div class=\"fusion-layout-column fusion_builder_column fusion-builder-column-3 fusion_builder_column_1_4 1_4 fusion-one-fourth bloc-accueil fusion-column-inner-bg-wrapper\" style=\"width:25%;width:calc(25% - ( ( 0px + 0px + 0px ) * 0.25 ) );margin-right: 0px;margin-top:0px;margin-bottom:0px;\"><div class=\"fusion-column-wrapper fusion-flex-column-wrapper-legacy\" style=\"padding: 0px 0px 0px 0px;\"><style type=\"text\/css\"><\/style><div class=\"fusion-title title fusion-title-3 fusion-sep-none fusion-title-center fusion-title-text fusion-title-size-two\" style=\"margin-top:0px;margin-bottom:31px;\"><h2 class=\"title-heading-center\" style=\"margin:0;\">Huuraccommodaties<br \/>\nvan de camping<\/h2><\/div><div class=\"fusion-text fusion-text-5\" style=\"transform:translate3d(0,0,0);\"><p class=\"bloc-accueil-descriptif\">Stacaravans en chalets tot uw beschikking<\/p>\n<\/div><div class=\"imageframe-align-center\"><span class=\" fusion-imageframe imageframe-none imageframe-2 hover-type-none\"><img decoding=\"async\" width=\"600\" height=\"600\" alt=\"De verhuur van de camping\" title=\"bloc-accueil-locatifs3\" src=\"https:\/\/www.lamarette.com\/wp-content\/uploads\/bloc-accueil-locatifs3-600x600.jpg\" class=\"img-responsive wp-image-2935\" srcset=\"https:\/\/www.lamarette.com\/wp-content\/uploads\/bloc-accueil-locatifs3-200x200.jpg 200w, https:\/\/www.lamarette.com\/wp-content\/uploads\/bloc-accueil-locatifs3-400x400.jpg 400w, https:\/\/www.lamarette.com\/wp-content\/uploads\/bloc-accueil-locatifs3-600x600.jpg 600w, https:\/\/www.lamarette.com\/wp-content\/uploads\/bloc-accueil-locatifs3.jpg 795w\" sizes=\"(max-width: 900px) 100vw, 600px\" \/><\/span><\/div><div class=\"fusion-clearfix\"><\/div><\/div><span class=\"fusion-column-inner-bg hover-type-none\"><a href=\"\/nl\/accommodaties\/stacaravans\/\"><span class=\"fusion-column-inner-bg-image\" style=\"background-position:left top;background-repeat:no-repeat;-webkit-background-size:cover;-moz-background-size:cover;-o-background-size:cover;background-size:cover;\"><\/span><\/a><\/span><\/div><div class=\"fusion-layout-column fusion_builder_column fusion-builder-column-4 fusion_builder_column_1_4 1_4 fusion-one-fourth bloc-accueil fusion-column-inner-bg-wrapper\" style=\"width:25%;width:calc(25% - ( ( 0px + 0px + 0px ) * 0.25 ) );margin-right: 0px;margin-top:0px;margin-bottom:0px;\"><div class=\"fusion-column-wrapper fusion-flex-column-wrapper-legacy\" style=\"padding: 0px 0px 0px 0px;\"><style type=\"text\/css\"><\/style><div class=\"fusion-title title fusion-title-4 fusion-sep-none fusion-title-center fusion-title-text fusion-title-size-two\" style=\"margin-top:0px;margin-bottom:31px;\"><h2 class=\"title-heading-center\" style=\"margin:0;\">Dienstverlening<br \/>\nvan de camping<\/h2><\/div><div class=\"fusion-text fusion-text-6\" style=\"transform:translate3d(0,0,0);\"><p class=\"bloc-accueil-descriptif\">Restaurant, bar, supermarkt en meer&#8230;<\/p>\n<\/div><div class=\"imageframe-align-center\"><span class=\" fusion-imageframe imageframe-none imageframe-3 hover-type-none\"><img decoding=\"async\" width=\"600\" height=\"600\" alt=\"De bar van de camping\" title=\"bloc-accueil-services3\" src=\"https:\/\/www.lamarette.com\/wp-content\/uploads\/bloc-accueil-services3-600x600.jpg\" class=\"img-responsive wp-image-2943\" srcset=\"https:\/\/www.lamarette.com\/wp-content\/uploads\/bloc-accueil-services3-200x200.jpg 200w, https:\/\/www.lamarette.com\/wp-content\/uploads\/bloc-accueil-services3-400x400.jpg 400w, https:\/\/www.lamarette.com\/wp-content\/uploads\/bloc-accueil-services3-600x600.jpg 600w, https:\/\/www.lamarette.com\/wp-content\/uploads\/bloc-accueil-services3.jpg 795w\" sizes=\"(max-width: 900px) 100vw, 600px\" \/><\/span><\/div><div class=\"fusion-clearfix\"><\/div><\/div><span class=\"fusion-column-inner-bg hover-type-none\"><a href=\"\/nl\/de-camping\/diensten\/\"><span class=\"fusion-column-inner-bg-image\" style=\"background-position:left top;background-repeat:no-repeat;-webkit-background-size:cover;-moz-background-size:cover;-o-background-size:cover;background-size:cover;\"><\/span><\/a><\/span><\/div><div class=\"fusion-layout-column fusion_builder_column fusion-builder-column-5 fusion_builder_column_1_4 1_4 fusion-one-fourth fusion-column-last bloc-accueil fusion-column-inner-bg-wrapper\" style=\"width:25%;width:calc(25% - ( ( 0px + 0px + 0px ) * 0.25 ) );margin-top:0px;margin-bottom:0px;\"><div class=\"fusion-column-wrapper fusion-flex-column-wrapper-legacy\" style=\"padding: 0px 0px 0px 0px;\"><style type=\"text\/css\"><\/style><div class=\"fusion-title title fusion-title-5 fusion-sep-none fusion-title-center fusion-title-text fusion-title-size-two\" style=\"margin-top:0px;margin-bottom:31px;\"><h2 class=\"title-heading-center\" style=\"margin:0;\">Recreatie<br \/>\nop de camping<\/h2><\/div><div class=\"fusion-text fusion-text-7\" style=\"transform:translate3d(0,0,0);\"><p class=\"bloc-accueil-descriptif\">2 zwembaden, waterglijbaan, groot sportterrein&#8230;<\/p>\n<\/div><div class=\"imageframe-align-center\"><span class=\" fusion-imageframe imageframe-none imageframe-4 hover-type-none\"><img decoding=\"async\" width=\"795\" height=\"795\" title=\"bloc-accueil-loisirs\" src=\"https:\/\/www.lamarette.com\/wp-content\/uploads\/bloc-accueil-loisirs.jpg\" class=\"img-responsive wp-image-2424\" srcset=\"https:\/\/www.lamarette.com\/wp-content\/uploads\/bloc-accueil-loisirs-200x200.jpg 200w, https:\/\/www.lamarette.com\/wp-content\/uploads\/bloc-accueil-loisirs-400x400.jpg 400w, https:\/\/www.lamarette.com\/wp-content\/uploads\/bloc-accueil-loisirs-600x600.jpg 600w, https:\/\/www.lamarette.com\/wp-content\/uploads\/bloc-accueil-loisirs.jpg 795w\" sizes=\"(max-width: 900px) 100vw, 600px\" \/><\/span><\/div><div class=\"fusion-clearfix\"><\/div><\/div><span class=\"fusion-column-inner-bg hover-type-none\"><a href=\"\/nl\/de-camping\/recreatie\/\"><span class=\"fusion-column-inner-bg-image\" style=\"background-position:left top;background-repeat:no-repeat;-webkit-background-size:cover;-moz-background-size:cover;-o-background-size:cover;background-size:cover;\"><\/span><\/a><\/span><\/div><\/div><\/div><div class=\"fusion-fullwidth fullwidth-box fusion-builder-row-3 ouvertures bg-green hundred-percent-fullwidth non-hundred-percent-height-scrolling fusion-equal-height-columns\" style=\"background-color: rgba(255,255,255,0);background-position: center center;background-repeat: no-repeat;padding-top:15px;padding-right:0px;padding-bottom:20px;padding-left:0px;margin-bottom: 10px;margin-top: 0px;border-width: 0px 0px 0px 0px;border-color:#eae9e9;border-style:solid;\" ><div class=\"fusion-builder-row fusion-row\"><div class=\"fusion-layout-column fusion_builder_column fusion-builder-column-6 fusion_builder_column_1_1 1_1 fusion-one-full fusion-column-first fusion-column-last ouvertures-txt\" style=\"margin-top:0px;margin-bottom:0px;\"><div class=\"fusion-column-wrapper fusion-flex-column-wrapper-legacy\" style=\"background-position:left top;background-repeat:no-repeat;-webkit-background-size:cover;-moz-background-size:cover;-o-background-size:cover;background-size:cover;padding: 0px 0px 0px 0px;\"><div class=\"fusion-column-content-centered\"><div class=\"fusion-column-content\"><img decoding=\"async\" src=\"\/wp-content\/uploads\/coeur.png\" alt=\"Ouverture\" \/><div class=\"fusion-text fusion-text-8\" style=\"transform:translate3d(0,0,0);\"><p><span class=\"nc\">Opening<\/span>De camping verwelkomt u van 01-05 tot 31\/10<\/p>\n<\/div><\/div><\/div><div class=\"fusion-clearfix\"><\/div><\/div><\/div><\/div><\/div><div class=\"fusion-fullwidth fullwidth-box fusion-builder-row-4 fusion-parallax-fixed hundred-percent-fullwidth non-hundred-percent-height-scrolling\" style=\"background-color: rgba(255,255,255,0);background-image: url(&quot;https:\/\/www.lamarette.com\/wp-content\/uploads\/parallaxe01.jpg&quot;);background-position: center center;background-repeat: no-repeat;padding-top:200px;padding-right:0px;padding-bottom:200px;padding-left:0px;margin-bottom: 0px;margin-top: 0px;border-width: 0px 0px 0px 0px;border-color:#eae9e9;border-style:solid;-webkit-background-size:cover;-moz-background-size:cover;-o-background-size:cover;background-size:cover;background-attachment:fixed;\" id=\"edito\" ><div class=\"fusion-builder-row fusion-row\"><\/div><\/div><\/p>\n","protected":false},"excerpt":{"rendered":"","protected":false},"author":1,"featured_media":0,"parent":0,"menu_order":0,"comment_status":"closed","ping_status":"closed","template":"100-width.php","meta":{"_acf_changed":false,"footnotes":""},"class_list":["post-1006","page","type-page","status-publish","hentry"],"acf":[],"_links":{"self":[{"href":"https:\/\/www.lamarette.com\/nl\/wp-json\/wp\/v2\/pages\/1006","targetHints":{"allow":["GET"]}}],"collection":[{"href":"https:\/\/www.lamarette.com\/nl\/wp-json\/wp\/v2\/pages"}],"about":[{"href":"https:\/\/www.lamarette.com\/nl\/wp-json\/wp\/v2\/types\/page"}],"author":[{"embeddable":true,"href":"https:\/\/www.lamarette.com\/nl\/wp-json\/wp\/v2\/users\/1"}],"replies":[{"embeddable":true,"href":"https:\/\/www.lamarette.com\/nl\/wp-json\/wp\/v2\/comments?post=1006"}],"version-history":[{"count":39,"href":"https:\/\/www.lamarette.com\/nl\/wp-json\/wp\/v2\/pages\/1006\/revisions"}],"predecessor-version":[{"id":6186,"href":"https:\/\/www.lamarette.com\/nl\/wp-json\/wp\/v2\/pages\/1006\/revisions\/6186"}],"wp:attachment":[{"href":"https:\/\/www.lamarette.com\/nl\/wp-json\/wp\/v2\/media?parent=1006"}],"curies":[{"name":"wp","href":"https:\/\/api.w.org\/{rel}","templated":true}]}}