{"id":971,"date":"2017-11-17T13:52:04","date_gmt":"2017-11-17T12:52:04","guid":{"rendered":"https:\/\/www.lamarette.com\/groupes-etudiants\/"},"modified":"2018-11-27T09:46:20","modified_gmt":"2018-11-27T08:46:20","slug":"gruppen-studenten","status":"publish","type":"page","link":"https:\/\/www.lamarette.com\/de\/gruppen-studenten\/","title":{"rendered":"Gruppen \/ Studenten"},"content":{"rendered":"<p><div class=\"fusion-fullwidth fullwidth-box fusion-builder-row-1 bg-green nonhundred-percent-fullwidth non-hundred-percent-height-scrolling\" style=\"background-color: rgba(255,255,255,0);background-position: center center;background-repeat: no-repeat;padding-top:0px;padding-right:0px;padding-bottom:0px;padding-left:0px;margin-bottom: 0px;margin-top: 0px;border-width: 0px 0px 0px 0px;border-color:#eae9e9;border-style:solid;\" ><div class=\"fusion-builder-row fusion-row\"><div class=\"fusion-layout-column fusion_builder_column fusion-builder-column-0 fusion_builder_column_1_1 1_1 fusion-one-full fusion-column-first fusion-column-last white-color font-semi-up\" style=\"margin-top:0px;margin-bottom:20px;\"><div class=\"fusion-column-wrapper fusion-flex-column-wrapper-legacy\" style=\"background-position:left top;background-repeat:no-repeat;-webkit-background-size:cover;-moz-background-size:cover;-o-background-size:cover;background-size:cover;padding: 30px 0px 0px 0px;\"><div class=\"fusion-text fusion-text-1\" style=\"transform:translate3d(0,0,0);\"><p>Im Mai, Juni, September und Oktober sind auf dem Camping La Marette Fami-lientreffen,<br \/>\nGruppen von Freunden sowie Studenten herzlich willkommen,<br \/>\num sich hier in einer urspr\u00fcnglichen Umgebung und mit s\u00e4mtlichem Komfort eines Campingplatzes aufzuhalten.<\/p>\n<\/div><div class=\"fusion-clearfix\"><\/div><\/div><\/div><\/div><\/div><div class=\"fusion-fullwidth fullwidth-box fusion-builder-row-2 nonhundred-percent-fullwidth non-hundred-percent-height-scrolling\" style=\"background-color: rgba(255,255,255,0);background-position: center center;background-repeat: no-repeat;padding-top:30px;padding-right:0px;padding-bottom:0px;padding-left:0px;margin-bottom: 0px;margin-top: 0px;border-width: 0px 0px 0px 0px;border-color:#eae9e9;border-style:solid;\" ><div class=\"fusion-builder-row fusion-row\"><div class=\"fusion-layout-column fusion_builder_column fusion-builder-column-1 fusion_builder_column_1_1 1_1 fusion-one-full fusion-column-first fusion-column-last\" style=\"margin-top:0px;margin-bottom:20px;\"><div class=\"fusion-column-wrapper fusion-flex-column-wrapper-legacy\" style=\"background-position:left top;background-repeat:no-repeat;-webkit-background-size:cover;-moz-background-size:cover;-o-background-size:cover;background-size:cover;padding: 0px 0px 0px 0px;\"><style type=\"text\/css\"><\/style><div class=\"fusion-title title fusion-title-1 fusion-sep-none fusion-title-text fusion-title-size-two\" style=\"margin-top:0px;margin-bottom:31px;\"><h2 class=\"title-heading-left\" style=\"margin:0;\">Organisation von Veranstaltungen<\/h2><\/div><div class=\"fusion-clearfix\"><\/div><\/div><\/div><div class=\"fusion-layout-column fusion_builder_column fusion-builder-column-2 fusion_builder_column_1_2 1_2 fusion-one-half fusion-column-first\" style=\"width:50%;width:calc(50% - ( ( 20px + 20px ) * 0.5 ) );margin-right: 20px;margin-top:0px;margin-bottom:20px;\"><div class=\"fusion-column-wrapper fusion-flex-column-wrapper-legacy\" style=\"background-position:left top;background-repeat:no-repeat;-webkit-background-size:cover;-moz-background-size:cover;-o-background-size:cover;background-size:cover;padding: 0px 0px 0px 0px;\"><div class=\"fusion-text fusion-text-2\" style=\"transform:translate3d(0,0,0);\"><p>Suchen Sie nach einem Ort, an dem Sie eine Veranstaltung im Familienkreis oder mit Freunden abhalten k\u00f6nnen ?<\/p>\n<p>Zum Beispiel einen Geburtstag, ein Verwandtschaftstreffen, einen Jungge-sellinnen- oder gesellenabschied, eine Hochzeit, eine Taufe&#8230;<\/p>\n<p>Der Campingplatz La Marette begr\u00fc\u00dft Sie gerne und k\u00fcmmert sich um alles, damit Sie dieses au\u00dfergew\u00f6hnliche Ereignis voll und ganz genie\u00dfen k\u00f6nnen.<\/p>\n<p>Wir werden Ihnen verschiedene Angebote zu Ihrer Unterbringung unterbrei-ten.<\/p>\n<\/div><div class=\"fusion-clearfix\"><\/div><\/div><\/div><div class=\"fusion-layout-column fusion_builder_column fusion-builder-column-3 fusion_builder_column_1_4 1_4 fusion-one-fourth\" style=\"width:25%;width:calc(25% - ( ( 20px + 20px ) * 0.25 ) );margin-right: 20px;margin-top:0px;margin-bottom:20px;\"><div class=\"fusion-column-wrapper fusion-flex-column-wrapper-legacy\" style=\"background-position:left top;background-repeat:no-repeat;-webkit-background-size:cover;-moz-background-size:cover;-o-background-size:cover;background-size:cover;padding: 0px 0px 0px 0px;\"><div class=\"imageframe-align-center\"><span class=\" fusion-imageframe imageframe-none imageframe-1 hover-type-none\"><a href=\"https:\/\/www.lamarette.com\/wp-content\/uploads\/mariage.jpg\" class=\"fusion-lightbox\" data-rel=\"iLightbox[groupe]\" data-title=\"Hochzeit\" title=\"Hochzeit\"><img decoding=\"async\" width=\"600\" height=\"450\" alt=\"Hochzeit\" src=\"https:\/\/www.lamarette.com\/wp-content\/uploads\/mariage-600x450.jpg\" class=\"img-responsive wp-image-972\" srcset=\"https:\/\/www.lamarette.com\/wp-content\/uploads\/mariage-600x450.jpg 600w, https:\/\/www.lamarette.com\/wp-content\/uploads\/mariage.jpg 1200w\" sizes=\"(max-width: 900px) 100vw, 600px\" \/><\/a><\/span><\/div><div class=\"fusion-clearfix\"><\/div><\/div><\/div><div class=\"fusion-layout-column fusion_builder_column fusion-builder-column-4 fusion_builder_column_1_4 1_4 fusion-one-fourth fusion-column-last\" style=\"width:25%;width:calc(25% - ( ( 20px + 20px ) * 0.25 ) );margin-top:0px;margin-bottom:20px;\"><div class=\"fusion-column-wrapper fusion-flex-column-wrapper-legacy\" style=\"background-position:left top;background-repeat:no-repeat;-webkit-background-size:cover;-moz-background-size:cover;-o-background-size:cover;background-size:cover;padding: 0px 0px 0px 0px;\"><div class=\"imageframe-align-center\"><span class=\" fusion-imageframe imageframe-none imageframe-2 hover-type-none\"><a href=\"https:\/\/www.lamarette.com\/wp-content\/uploads\/mariage-2.jpg\" class=\"fusion-lightbox\" data-rel=\"iLightbox[groupe]\" data-title=\"Hochzeit\" title=\"Hochzeit\"><img decoding=\"async\" width=\"600\" height=\"450\" alt=\"Hochzeit\" src=\"https:\/\/www.lamarette.com\/wp-content\/uploads\/mariage-2-600x450.jpg\" class=\"img-responsive wp-image-974\" srcset=\"https:\/\/www.lamarette.com\/wp-content\/uploads\/mariage-2-600x450.jpg 600w, https:\/\/www.lamarette.com\/wp-content\/uploads\/mariage-2.jpg 1200w\" sizes=\"(max-width: 900px) 100vw, 600px\" \/><\/a><\/span><\/div><div class=\"fusion-clearfix\"><\/div><\/div><\/div><div class=\"fusion-layout-column fusion_builder_column fusion-builder-column-5 fusion_builder_column_1_2 1_2 fusion-one-half fusion-column-first\" style=\"width:50%;width:calc(50% - ( ( 4% ) * 0.5 ) );margin-right: 4%;margin-top:0px;margin-bottom:20px;\"><div class=\"fusion-column-wrapper fusion-flex-column-wrapper-legacy\" style=\"background-position:left top;background-repeat:no-repeat;-webkit-background-size:cover;-moz-background-size:cover;-o-background-size:cover;background-size:cover;padding: 0px 0px 0px 0px;\"><style type=\"text\/css\"><\/style><div class=\"fusion-title title fusion-title-2 fusion-sep-none fusion-title-text fusion-title-size-three\" style=\"margin-top:0px;margin-bottom:31px;\"><h3 class=\"title-heading-left\" style=\"margin:0;\">Gruppenunterkunft<\/h3><\/div><ul class=\"fusion-checklist fusion-checklist-1\" style=\"font-size:13px;line-height:22.1px;\"><li class=\"fusion-li-item\"><span style=\"height:22.1px;width:22.1px;margin-right:9.1px;\" class=\"icon-wrapper circle-no\"><i class=\"fusion-li-icon fa fa-check\" style=\"color:#ffffff;\" aria-hidden=\"true\"><\/i><\/span><div class=\"fusion-li-item-content\" style=\"margin-left:31.2px;\">In Mobilhomes und Chalets mit einer Kapazit\u00e4t bis zu insgesamt 190 Personen<\/div><\/li><li class=\"fusion-li-item\"><span style=\"height:22.1px;width:22.1px;margin-right:9.1px;\" class=\"icon-wrapper circle-no\"><i class=\"fusion-li-icon fa fa-check\" style=\"color:#ffffff;\" aria-hidden=\"true\"><\/i><\/span><div class=\"fusion-li-item-content\" style=\"margin-left:31.2px;\">\n<p>Auf Camping-Stellpl\u00e4tzen (kommen Sie dann mit Ihrem Zelt, Wohnwagen oder Wohnmobil)<\/p>\n<\/div><\/li><\/ul><div class=\"fusion-clearfix\"><\/div><\/div><\/div><div class=\"fusion-layout-column fusion_builder_column fusion-builder-column-6 fusion_builder_column_1_2 1_2 fusion-one-half fusion-column-last\" style=\"width:50%;width:calc(50% - ( ( 4% ) * 0.5 ) );margin-top:0px;margin-bottom:20px;\"><div class=\"fusion-column-wrapper fusion-flex-column-wrapper-legacy\" style=\"background-position:left top;background-repeat:no-repeat;-webkit-background-size:cover;-moz-background-size:cover;-o-background-size:cover;background-size:cover;padding: 0px 0px 0px 0px;\"><style type=\"text\/css\"><\/style><div class=\"fusion-title title fusion-title-3 fusion-sep-none fusion-title-text fusion-title-size-three\" style=\"margin-top:0px;margin-bottom:31px;\"><h3 class=\"title-heading-left\" style=\"margin:0;\">Verpflegung<\/h3><\/div><ul class=\"fusion-checklist fusion-checklist-2\" style=\"font-size:13px;line-height:22.1px;\"><li class=\"fusion-li-item\"><span style=\"height:22.1px;width:22.1px;margin-right:9.1px;\" class=\"icon-wrapper circle-no\"><i class=\"fusion-li-icon fa fa-check\" style=\"color:#ffffff;\" aria-hidden=\"true\"><\/i><\/span><div class=\"fusion-li-item-content\" style=\"margin-left:31.2px;\">\n<p>Halbpension (mit oder ohne Picknickkorb)<\/p>\n<\/div><\/li><li class=\"fusion-li-item\"><span style=\"height:22.1px;width:22.1px;margin-right:9.1px;\" class=\"icon-wrapper circle-no\"><i class=\"fusion-li-icon fa fa-check\" style=\"color:#ffffff;\" aria-hidden=\"true\"><\/i><\/span><div class=\"fusion-li-item-content\" style=\"margin-left:31.2px;\">\n<p>Vollpension<\/p>\n<\/div><\/li><li class=\"fusion-li-item\"><span style=\"height:22.1px;width:22.1px;margin-right:9.1px;\" class=\"icon-wrapper circle-no\"><i class=\"fusion-li-icon fa fa-check\" style=\"color:#ffffff;\" aria-hidden=\"true\"><\/i><\/span><div class=\"fusion-li-item-content\" style=\"margin-left:31.2px;\">B\u00fcffets<\/div><\/li><li class=\"fusion-li-item\"><span style=\"height:22.1px;width:22.1px;margin-right:9.1px;\" class=\"icon-wrapper circle-no\"><i class=\"fusion-li-icon fa fa-check\" style=\"color:#ffffff;\" aria-hidden=\"true\"><\/i><\/span><div class=\"fusion-li-item-content\" style=\"margin-left:31.2px;\">\n<p>Mahlzeiten unter einem bestimmten Thema (Miesmuscheln\/Pommes frites, Pa\u00eblla, typische Mahlzeiten der Region Ard\u00e8che, Grillen, Brunch&#8230;)<\/p>\n<\/div><\/li><li class=\"fusion-li-item\"><span style=\"height:22.1px;width:22.1px;margin-right:9.1px;\" class=\"icon-wrapper circle-no\"><i class=\"fusion-li-icon fa fa-check\" style=\"color:#ffffff;\" aria-hidden=\"true\"><\/i><\/span><div class=\"fusion-li-item-content\" style=\"margin-left:31.2px;\">\n<p>Ma\u00dfgeschneidertes Men\u00fc<\/p>\n<\/div><\/li><\/ul><div class=\"fusion-clearfix\"><\/div><\/div><\/div><\/div><\/div><div class=\"fusion-fullwidth fullwidth-box fusion-builder-row-3 nonhundred-percent-fullwidth non-hundred-percent-height-scrolling\" style=\"background-color: rgba(255,255,255,0);background-position: center center;background-repeat: no-repeat;padding-top:30px;padding-right:0px;padding-bottom:0px;padding-left:0px;margin-bottom: 0px;margin-top: 0px;border-width: 0px 0px 0px 0px;border-color:#eae9e9;border-style:solid;\" ><div class=\"fusion-builder-row fusion-row\"><div class=\"fusion-layout-column fusion_builder_column fusion-builder-column-7 fusion_builder_column_1_1 1_1 fusion-one-full fusion-column-first fusion-column-last\" style=\"margin-top:0px;margin-bottom:20px;\"><div class=\"fusion-column-wrapper fusion-flex-column-wrapper-legacy\" style=\"background-position:left top;background-repeat:no-repeat;-webkit-background-size:cover;-moz-background-size:cover;-o-background-size:cover;background-size:cover;padding: 0px 0px 0px 0px;\"><style type=\"text\/css\"><\/style><div class=\"fusion-title title fusion-title-4 fusion-sep-none fusion-title-text fusion-title-size-two\" style=\"margin-top:0px;margin-bottom:31px;\"><h2 class=\"title-heading-left\" style=\"margin:0;\">Studenten-Wochenende<\/h2><\/div><div class=\"fusion-clearfix\"><\/div><\/div><\/div><div class=\"fusion-layout-column fusion_builder_column fusion-builder-column-8 fusion_builder_column_1_2 1_2 fusion-one-half fusion-column-first\" style=\"width:50%;width:calc(50% - ( ( 4% + 20px ) * 0.5 ) );margin-right: 4%;margin-top:0px;margin-bottom:20px;\"><div class=\"fusion-column-wrapper fusion-flex-column-wrapper-legacy\" style=\"background-position:left top;background-repeat:no-repeat;-webkit-background-size:cover;-moz-background-size:cover;-o-background-size:cover;background-size:cover;padding: 0px 0px 0px 0px;\"><div class=\"fusion-text fusion-text-3\" style=\"transform:translate3d(0,0,0);\"><p>Sie m\u00f6chten gerne ein Integrationswochenende organisieren ?<\/p>\n<p>Unser Spezialangebot \u00ab Studentenwochenende \u00bb des Campings La Marette ist der beste Weg, um in das Jahr zu starten !<\/p>\n<p>Mit unserem Angebot Unterkunft + Abendessen + Brunch kommen Sie gleichzeitig in den Genuss aller Einrichtungen des Campingplatzes (Pools, Wasserrutschen, Saal f\u00fcr Abendveranstaltungen).<\/p>\n<p>Gerne k\u00f6nnen wir auch verschiedene Aktivit\u00e4ten voller Spannung und intensiver Erlebnisse f\u00fcr Sie buchen (Paintball, Laser game, Canyoning, Kanufahren\u2026) !<\/p>\n<p>Setzen Sie sich zur Organisation Ihres Studentenwochenendes einfach mit uns in Verbindung.<\/p>\n<\/div><div class=\"fusion-clearfix\"><\/div><\/div><\/div><div class=\"fusion-layout-column fusion_builder_column fusion-builder-column-9 fusion_builder_column_1_4 1_4 fusion-one-fourth\" style=\"width:25%;width:calc(25% - ( ( 4% + 20px ) * 0.25 ) );margin-right: 20px;margin-top:0px;margin-bottom:20px;\"><div class=\"fusion-column-wrapper fusion-flex-column-wrapper-legacy\" style=\"background-position:left top;background-repeat:no-repeat;-webkit-background-size:cover;-moz-background-size:cover;-o-background-size:cover;background-size:cover;padding: 0px 0px 0px 0px;\"><div class=\"imageframe-align-center\"><span class=\" fusion-imageframe imageframe-none imageframe-3 hover-type-none\"><a href=\"https:\/\/www.lamarette.com\/wp-content\/uploads\/weekend-etudiant-1.jpg\" class=\"fusion-lightbox\" data-rel=\"iLightbox[groupe]\" data-title=\"Studenten-Wochenende\" title=\"Studenten-Wochenende\"><img decoding=\"async\" width=\"600\" height=\"450\" alt=\"Studenten-Wochenende\" src=\"https:\/\/www.lamarette.com\/wp-content\/uploads\/weekend-etudiant-1-600x450.jpg\" class=\"img-responsive wp-image-2402\"\/><\/a><\/span><\/div><div class=\"fusion-clearfix\"><\/div><\/div><\/div><div class=\"fusion-layout-column fusion_builder_column fusion-builder-column-10 fusion_builder_column_1_4 1_4 fusion-one-fourth fusion-column-last\" style=\"width:25%;width:calc(25% - ( ( 4% + 20px ) * 0.25 ) );margin-top:0px;margin-bottom:20px;\"><div class=\"fusion-column-wrapper fusion-flex-column-wrapper-legacy\" style=\"background-position:left top;background-repeat:no-repeat;-webkit-background-size:cover;-moz-background-size:cover;-o-background-size:cover;background-size:cover;padding: 0px 0px 0px 0px;\"><div class=\"imageframe-align-center\"><span class=\" fusion-imageframe imageframe-none imageframe-4 hover-type-none\"><a href=\"https:\/\/www.lamarette.com\/wp-content\/uploads\/weekend-etudiant-2.jpg\" class=\"fusion-lightbox\" data-rel=\"iLightbox[groupe]\" data-title=\"Studenten-Wochenende\" title=\"Studenten-Wochenende\"><img decoding=\"async\" width=\"600\" height=\"450\" alt=\"Studenten-Wochenende\" src=\"https:\/\/www.lamarette.com\/wp-content\/uploads\/weekend-etudiant-2-600x450.jpg\" class=\"img-responsive wp-image-2406\"\/><\/a><\/span><\/div><div class=\"fusion-clearfix\"><\/div><\/div><\/div><\/div><\/div><div class=\"fusion-fullwidth fullwidth-box fusion-builder-row-4 bg-green white-color nonhundred-percent-fullwidth non-hundred-percent-height-scrolling\" style=\"background-color: rgba(255,255,255,0);background-position: center center;background-repeat: no-repeat;padding-top:30px;padding-right:0px;padding-bottom:0px;padding-left:0px;margin-bottom: 0px;margin-top: 0px;border-width: 0px 0px 0px 0px;border-color:#eae9e9;border-style:solid;\" ><div class=\"fusion-builder-row fusion-row\"><div class=\"fusion-layout-column fusion_builder_column fusion-builder-column-11 fusion_builder_column_2_3 2_3 fusion-two-third fusion-column-first\" style=\"width:66.666666666667%;width:calc(66.666666666667% - ( ( 20px ) * 0.66666666666667 ) );margin-right: 20px;margin-top:0px;margin-bottom:20px;\"><div class=\"fusion-column-wrapper fusion-flex-column-wrapper-legacy\" style=\"background-position:left top;background-repeat:no-repeat;-webkit-background-size:cover;-moz-background-size:cover;-o-background-size:cover;background-size:cover;padding: 0px 0px 0px 0px;\"><div class=\"fusion-text fusion-text-4\" style=\"transform:translate3d(0,0,0);\"><p style=\"text-align: center;\">Sie k\u00f6nnen auch gerne bereits ab sofort mit uns Kontakt aufnehmen, wir wer-den dann gemeinsam mit Ihnen weitere Details, die zur Organisation Ihrer Veranstaltung notwendig sind, besprechen.<br \/>\nWir werden Ihnen ein Gesamtangebot zukommen lassen, mit dem Sie Son-derkonditionen oder Vorzugspreise nutzen k\u00f6nnen.<\/p>\n<\/div><div class=\"fusion-clearfix\"><\/div><\/div><\/div><div class=\"fusion-layout-column fusion_builder_column fusion-builder-column-12 fusion_builder_column_1_3 1_3 fusion-one-third fusion-column-last\" style=\"width:33.333333333333%;width:calc(33.333333333333% - ( ( 20px ) * 0.33333333333333 ) );margin-top:0px;margin-bottom:20px;\"><div class=\"fusion-column-wrapper fusion-flex-column-wrapper-legacy\" style=\"background-position:left top;background-repeat:no-repeat;-webkit-background-size:cover;-moz-background-size:cover;-o-background-size:cover;background-size:cover;padding: 0px 0px 0px 0px;\"><div class=\"fusion-column-content\"><div class=\"tel-page\"><img decoding=\"async\" src=\"\/wp-content\/uploads\/picto-telephone.png\" alt=\"Telefon\">+33 (0)4 75 88 38 88<\/div> <a class=\"email-page\" href=\"\/de\/kontakt-zugang\/\"><img decoding=\"async\" src=\"\/wp-content\/uploads\/picto-email.png\" alt=\"email\">Email<\/a>\n<\/div><div class=\"fusion-clearfix\"><\/div><\/div><\/div><\/div><\/div><\/p>\n","protected":false},"excerpt":{"rendered":"","protected":false},"author":1,"featured_media":0,"parent":0,"menu_order":0,"comment_status":"closed","ping_status":"closed","template":"100-width.php","meta":{"_acf_changed":false,"footnotes":""},"class_list":["post-971","page","type-page","status-publish","hentry"],"acf":[],"_links":{"self":[{"href":"https:\/\/www.lamarette.com\/de\/wp-json\/wp\/v2\/pages\/971","targetHints":{"allow":["GET"]}}],"collection":[{"href":"https:\/\/www.lamarette.com\/de\/wp-json\/wp\/v2\/pages"}],"about":[{"href":"https:\/\/www.lamarette.com\/de\/wp-json\/wp\/v2\/types\/page"}],"author":[{"embeddable":true,"href":"https:\/\/www.lamarette.com\/de\/wp-json\/wp\/v2\/users\/1"}],"replies":[{"embeddable":true,"href":"https:\/\/www.lamarette.com\/de\/wp-json\/wp\/v2\/comments?post=971"}],"version-history":[{"count":7,"href":"https:\/\/www.lamarette.com\/de\/wp-json\/wp\/v2\/pages\/971\/revisions"}],"predecessor-version":[{"id":2410,"href":"https:\/\/www.lamarette.com\/de\/wp-json\/wp\/v2\/pages\/971\/revisions\/2410"}],"wp:attachment":[{"href":"https:\/\/www.lamarette.com\/de\/wp-json\/wp\/v2\/media?parent=971"}],"curies":[{"name":"wp","href":"https:\/\/api.w.org\/{rel}","templated":true}]}}