{"id":965,"date":"2017-11-17T13:52:33","date_gmt":"2017-11-17T12:52:33","guid":{"rendered":"https:\/\/www.lamarette.com\/le-camping\/restaurant\/"},"modified":"2025-11-21T14:15:01","modified_gmt":"2025-11-21T13:15:01","slug":"restaurant","status":"publish","type":"page","link":"https:\/\/www.lamarette.com\/de\/der-campingplatz\/restaurant\/","title":{"rendered":"Restaurant"},"content":{"rendered":"<p><div class=\"fusion-fullwidth fullwidth-box fusion-builder-row-1 bg-green hundred-percent-fullwidth non-hundred-percent-height-scrolling\" style=\"background-color: rgba(255,255,255,0);background-position: center center;background-repeat: no-repeat;padding-top:40px;padding-right:0px;padding-bottom:20px;padding-left:0px;margin-bottom: 0px;margin-top: 0px;border-width: 0px 0px 0px 0px;border-color:#eae9e9;border-style:solid;\" ><div class=\"fusion-builder-row fusion-row\"><div class=\"fusion-layout-column fusion_builder_column fusion-builder-column-0 fusion_builder_column_1_4 1_4 fusion-one-fourth fusion-column-first bloc-infos-css\" style=\"width:25%;width:calc(25% - ( ( 20px + 20px ) * 0.25 ) );margin-right: 20px;margin-top:0px;margin-bottom:20px;\"><div class=\"fusion-column-wrapper fusion-flex-column-wrapper-legacy\" style=\"background-position:left top;background-repeat:no-repeat;-webkit-background-size:cover;-moz-background-size:cover;-o-background-size:cover;background-size:cover;padding: 0px 0px 0px 0px;\"><div class=\"fusion-text fusion-text-1\" style=\"transform:translate3d(0,0,0);\"><p style=\"text-align: center;\"><span class=\"font-up\">Juli \/ August<\/span><br \/>\n\u00d6ffnungszeiten<\/p>\n<\/div><div class=\"fusion-clearfix\"><\/div><\/div><\/div><div class=\"fusion-layout-column fusion_builder_column fusion-builder-column-1 fusion_builder_column_1_4 1_4 fusion-one-fourth bloc-infos-css\" style=\"width:25%;width:calc(25% - ( ( 20px + 20px ) * 0.25 ) );margin-right: 20px;margin-top:0px;margin-bottom:20px;\"><div class=\"fusion-column-wrapper fusion-flex-column-wrapper-legacy\" style=\"background-position:left top;background-repeat:no-repeat;-webkit-background-size:cover;-moz-background-size:cover;-o-background-size:cover;background-size:cover;padding: 0px 0px 0px 0px;\"><div class=\"fusion-text fusion-text-2\" style=\"transform:translate3d(0,0,0);\"><p style=\"text-align: center;\"><span class=\"font-up\">7 Tage die Woche<\/span><br \/>\nVon 19:00 bis 23:00 Uhr<\/p>\n<\/div><div class=\"fusion-clearfix\"><\/div><\/div><\/div><div class=\"fusion-layout-column fusion_builder_column fusion-builder-column-2 fusion_builder_column_1_4 1_4 fusion-one-fourth fusion-column-last bloc-infos-css\" style=\"width:25%;width:calc(25% - ( ( 20px + 20px ) * 0.25 ) );margin-top:0px;margin-bottom:20px;\"><div class=\"fusion-column-wrapper fusion-flex-column-wrapper-legacy\" style=\"background-position:left top;background-repeat:no-repeat;-webkit-background-size:cover;-moz-background-size:cover;-o-background-size:cover;background-size:cover;padding: 0px 0px 0px 0px;\"><div class=\"fusion-text fusion-text-3\" style=\"transform:translate3d(0,0,0);\"><p style=\"text-align: center;\"><span class=\"font-up\">Themenabende<\/span><br \/>\n2 Mal pro Woche<\/p>\n<\/div><div class=\"fusion-clearfix\"><\/div><\/div><\/div><\/div><\/div><div class=\"fusion-fullwidth fullwidth-box fusion-builder-row-2 fusion-flex-container nonhundred-percent-fullwidth non-hundred-percent-height-scrolling\" style=\"background-color: rgba(255,255,255,0);background-position: center center;background-repeat: no-repeat;border-width: 0px 0px 0px 0px;border-color:#eae9e9;border-style:solid;\" ><div class=\"fusion-builder-row fusion-row fusion-flex-align-items-center\" style=\"max-width:1664px;margin-left: calc(-4% \/ 2 );margin-right: calc(-4% \/ 2 );\"><div class=\"fusion-layout-column fusion_builder_column fusion-builder-column-3 fusion_builder_column_1_5 1_5 fusion-flex-column\"><div class=\"fusion-column-wrapper fusion-flex-justify-content-flex-start fusion-content-layout-column\" style=\"background-position:left top;background-repeat:no-repeat;-webkit-background-size:cover;-moz-background-size:cover;-o-background-size:cover;background-size:cover;padding: 0px 0px 0px 0px;\"><div style=\"text-align:center;\"><span class=\" fusion-imageframe imageframe-none imageframe-1 hover-type-none\"><a href=\"https:\/\/www.lamarette.com\/wp-content\/uploads\/bar-restaurant-01.jpg\" class=\"fusion-lightbox\" data-rel=\"iLightbox[restaurant]\" data-title=\"Das Bar-Restaurant\" title=\"Das Bar-Restaurant\"><img decoding=\"async\" width=\"600\" height=\"450\" alt=\"Das Bar-Restaurant\" src=\"https:\/\/www.lamarette.com\/wp-content\/uploads\/bar-restaurant-01-600x450.jpg\" class=\"img-responsive wp-image-5824\"\/><\/a><\/span><\/div><\/div><\/div><style type=\"text\/css\">.fusion-body .fusion-builder-column-3{width:20% !important;margin-top : 0px;margin-bottom : 20px;}.fusion-builder-column-3 > .fusion-column-wrapper {padding-top : 0px !important;padding-right : 0px !important;margin-right : 9.6%;padding-bottom : 0px !important;padding-left : 0px !important;margin-left : 9.6%;}@media only screen and (max-width:1024px) {.fusion-body .fusion-builder-column-3{width:100% !important;order : 0;}.fusion-builder-column-3 > .fusion-column-wrapper {margin-right : 1.92%;margin-left : 1.92%;}}@media only screen and (max-width:640px) {.fusion-body .fusion-builder-column-3{width:100% !important;order : 0;}.fusion-builder-column-3 > .fusion-column-wrapper {margin-right : 1.92%;margin-left : 1.92%;}}<\/style><div class=\"fusion-layout-column fusion_builder_column fusion-builder-column-4 fusion_builder_column_4_5 4_5 fusion-flex-column\"><div class=\"fusion-column-wrapper fusion-flex-justify-content-flex-start fusion-content-layout-column\" style=\"background-position:left top;background-repeat:no-repeat;-webkit-background-size:cover;-moz-background-size:cover;-o-background-size:cover;background-size:cover;padding: 0px 0px 0px 0px;\"><div class=\"fusion-text fusion-text-4\" style=\"transform:translate3d(0,0,0);\"><p>Im Restaurant CHEZ FRANCIS erwartet Sie eine gro\u00dfe Auswahl an Gerichten und <strong>k\u00f6stlichen hausgemachten Pizzen<\/strong>.<br \/>\nService vor Ort oder Take-Away.<br \/>\nJeden Abend von 19.00 bis 23 Uhr ge\u00f6ffnet.<\/p>\n<p>Der Tag beginnt mit dem <strong>Verkauf von Brot und Geb\u00e4ck<\/strong> an der Bar.<br \/>\nBaguettes, Brote, Boules de Campagne, frische Croissants und andere Backwaren, die Sie am Vortag bestellt haben, warten auf Sie.<br \/>\nHier trifft man sich gerne, bevor man sein Fr\u00fchst\u00fcck in der Sonne auf seinem Stellplatz oder auf der Terrasse des Restaurants genie\u00dft.<\/p>\n<\/div><\/div><\/div><style type=\"text\/css\">.fusion-body .fusion-builder-column-4{width:80% !important;margin-top : 0px;margin-bottom : 20px;}.fusion-builder-column-4 > .fusion-column-wrapper {padding-top : 0px !important;padding-right : 0px !important;margin-right : 2.4%;padding-bottom : 0px !important;padding-left : 0px !important;margin-left : 2.4%;}@media only screen and (max-width:1024px) {.fusion-body .fusion-builder-column-4{width:100% !important;order : 0;}.fusion-builder-column-4 > .fusion-column-wrapper {margin-right : 1.92%;margin-left : 1.92%;}}@media only screen and (max-width:640px) {.fusion-body .fusion-builder-column-4{width:100% !important;order : 0;}.fusion-builder-column-4 > .fusion-column-wrapper {margin-right : 1.92%;margin-left : 1.92%;}}<\/style><div class=\"fusion-layout-column fusion_builder_column fusion-builder-column-5 fusion_builder_column_4_5 4_5 fusion-flex-column\"><div class=\"fusion-column-wrapper fusion-flex-justify-content-flex-start fusion-content-layout-column\" style=\"background-position:left top;background-repeat:no-repeat;-webkit-background-size:cover;-moz-background-size:cover;-o-background-size:cover;background-size:cover;padding: 0px 0px 0px 0px;\"><div class=\"fusion-text fusion-text-5\" style=\"transform:translate3d(0,0,0);\"><p>Die <strong>Bar CHEZ FRANCIS<\/strong> (t\u00e4glich durchgehend ge\u00f6ffnet) sorgt f\u00fcr sch\u00f6ne Momente mit Freunden oder der Familie bei einem frisch zubereiteten Cocktail oder einem einheimischen Bier, &#8230; Entdecken Sie unsere Spezialit\u00e4t, den ber\u00fchmten Mojito.<\/p>\n<p>Wer gerne S\u00fc\u00dfes nascht, wird sich \u00fcber eine L\u00fctticher Waffel oder den traditionellen Eisbecher Ard\u00e9choise freuen.<\/p>\n<p>Um den Aperitif an der Bar des Campingplatzes komplett zu machen, gibt es einen gro\u00dfen TV-Bildschirm, auf dem alle wichtigen Veranstaltungen \u00fcbertragen werden. Erleben Sie die Tour de France uvm. live!<\/p>\n<\/div><\/div><\/div><style type=\"text\/css\">.fusion-body .fusion-builder-column-5{width:80% !important;margin-top : 0px;margin-bottom : 20px;}.fusion-builder-column-5 > .fusion-column-wrapper {padding-top : 0px !important;padding-right : 0px !important;margin-right : 2.4%;padding-bottom : 0px !important;padding-left : 0px !important;margin-left : 2.4%;}@media only screen and (max-width:1024px) {.fusion-body .fusion-builder-column-5{width:100% !important;order : 0;}.fusion-builder-column-5 > .fusion-column-wrapper {margin-right : 1.92%;margin-left : 1.92%;}}@media only screen and (max-width:640px) {.fusion-body .fusion-builder-column-5{width:100% !important;order : 0;}.fusion-builder-column-5 > .fusion-column-wrapper {margin-right : 1.92%;margin-left : 1.92%;}}<\/style><div class=\"fusion-layout-column fusion_builder_column fusion-builder-column-6 fusion_builder_column_1_5 1_5 fusion-flex-column\"><div class=\"fusion-column-wrapper fusion-flex-justify-content-flex-start fusion-content-layout-column\" style=\"background-position:left top;background-repeat:no-repeat;-webkit-background-size:cover;-moz-background-size:cover;-o-background-size:cover;background-size:cover;padding: 0px 0px 0px 0px;\"><div style=\"text-align:center;\"><span class=\" fusion-imageframe imageframe-none imageframe-2 hover-type-none\"><a href=\"https:\/\/www.lamarette.com\/wp-content\/uploads\/bar-restaurant-02.jpg\" class=\"fusion-lightbox\" data-rel=\"iLightbox[restaurant]\" data-title=\"Das Bar-Restaurant\" title=\"Das Bar-Restaurant\"><img decoding=\"async\" width=\"600\" height=\"450\" alt=\"Das Bar-Restaurant\" src=\"https:\/\/www.lamarette.com\/wp-content\/uploads\/bar-restaurant-02-600x450.jpg\" class=\"img-responsive wp-image-5828\" srcset=\"https:\/\/www.lamarette.com\/wp-content\/uploads\/bar-restaurant-02-200x150.jpg 200w, https:\/\/www.lamarette.com\/wp-content\/uploads\/bar-restaurant-02-400x300.jpg 400w, https:\/\/www.lamarette.com\/wp-content\/uploads\/bar-restaurant-02-600x450.jpg 600w, https:\/\/www.lamarette.com\/wp-content\/uploads\/bar-restaurant-02-800x600.jpg 800w, https:\/\/www.lamarette.com\/wp-content\/uploads\/bar-restaurant-02-1200x900.jpg 1200w, https:\/\/www.lamarette.com\/wp-content\/uploads\/bar-restaurant-02.jpg 1400w\" sizes=\"(max-width: 1024px) 100vw, (max-width: 640px) 100vw, 400px\" \/><\/a><\/span><\/div><\/div><\/div><style type=\"text\/css\">.fusion-body .fusion-builder-column-6{width:20% !important;margin-top : 0px;margin-bottom : 20px;}.fusion-builder-column-6 > .fusion-column-wrapper {padding-top : 0px !important;padding-right : 0px !important;margin-right : 9.6%;padding-bottom : 0px !important;padding-left : 0px !important;margin-left : 9.6%;}@media only screen and (max-width:1024px) {.fusion-body .fusion-builder-column-6{width:100% !important;order : 0;}.fusion-builder-column-6 > .fusion-column-wrapper {margin-right : 1.92%;margin-left : 1.92%;}}@media only screen and (max-width:640px) {.fusion-body .fusion-builder-column-6{width:100% !important;order : 0;}.fusion-builder-column-6 > .fusion-column-wrapper {margin-right : 1.92%;margin-left : 1.92%;}}<\/style><div class=\"fusion-layout-column fusion_builder_column fusion-builder-column-7 fusion_builder_column_1_1 1_1 fusion-flex-column\"><div class=\"fusion-column-wrapper fusion-flex-justify-content-flex-start fusion-content-layout-column\" style=\"background-position:left top;background-repeat:no-repeat;-webkit-background-size:cover;-moz-background-size:cover;-o-background-size:cover;background-size:cover;padding: 30px 0px 0px 0px;\"><div class=\"fusion-text fusion-text-6\" style=\"transform:translate3d(0,0,0);\"><p>In den Monaten Juli und August finden jede Woche zwei Themenabende im Restaurant statt: <strong>Burger-<\/strong> oder <strong>Moules Frites-Abende<\/strong>, au\u00dferdem <strong>Konzerte<\/strong>, <strong>Tanzabende<\/strong> und viele weitere Veranstaltungen!<\/p>\n<\/div><\/div><\/div><style type=\"text\/css\">.fusion-body .fusion-builder-column-7{width:100% !important;margin-top : 0px;margin-bottom : 20px;}.fusion-builder-column-7 > .fusion-column-wrapper {padding-top : 30px !important;padding-right : 0px !important;margin-right : 1.92%;padding-bottom : 0px !important;padding-left : 0px !important;margin-left : 1.92%;}@media only screen and (max-width:1024px) {.fusion-body .fusion-builder-column-7{width:100% !important;order : 0;}.fusion-builder-column-7 > .fusion-column-wrapper {margin-right : 1.92%;margin-left : 1.92%;}}@media only screen and (max-width:640px) {.fusion-body .fusion-builder-column-7{width:100% !important;order : 0;}.fusion-builder-column-7 > .fusion-column-wrapper {margin-right : 1.92%;margin-left : 1.92%;}}<\/style><div class=\"fusion-layout-column fusion_builder_column fusion-builder-column-8 fusion_builder_column_1_1 1_1 fusion-flex-column galerie galerie-4\"><div class=\"fusion-column-wrapper fusion-flex-justify-content-flex-start fusion-content-layout-column\" style=\"background-position:left top;background-repeat:no-repeat;-webkit-background-size:cover;-moz-background-size:cover;-o-background-size:cover;background-size:cover;padding: 0px 0px 0px 0px;\"><div style=\"text-align:center;\"><span class=\" fusion-imageframe imageframe-none imageframe-3 hover-type-none\"><a href=\"https:\/\/www.lamarette.com\/wp-content\/uploads\/bar-restaurant-06.jpg\" class=\"fusion-lightbox\" data-rel=\"iLightbox[restaurant]\" data-title=\"Das Bar-Restaurant\" title=\"Das Bar-Restaurant\"><img decoding=\"async\" width=\"600\" height=\"450\" alt=\"Das Bar-Restaurant\" src=\"https:\/\/www.lamarette.com\/wp-content\/uploads\/bar-restaurant-06-600x450.jpg\" class=\"img-responsive wp-image-5844\"\/><\/a><\/span><\/div><div style=\"text-align:center;\"><span class=\" fusion-imageframe imageframe-none imageframe-4 hover-type-none\"><a href=\"https:\/\/www.lamarette.com\/wp-content\/uploads\/bar-restaurant-07.jpg\" class=\"fusion-lightbox\" data-rel=\"iLightbox[restaurant]\" data-title=\"Das Bar-Restaurant\" title=\"Das Bar-Restaurant\"><img decoding=\"async\" width=\"600\" height=\"450\" alt=\"Das Bar-Restaurant\" src=\"https:\/\/www.lamarette.com\/wp-content\/uploads\/bar-restaurant-07-600x450.jpg\" class=\"img-responsive wp-image-5848\"\/><\/a><\/span><\/div><div style=\"text-align:center;\"><span class=\" fusion-imageframe imageframe-none imageframe-5 hover-type-none\"><a href=\"https:\/\/www.lamarette.com\/wp-content\/uploads\/bar-restaurant-05.jpg\" class=\"fusion-lightbox\" data-rel=\"iLightbox[restaurant]\" data-title=\"Das Bar-Restaurant\" title=\"Das Bar-Restaurant\"><img decoding=\"async\" width=\"600\" height=\"450\" alt=\"Das Bar-Restaurant\" src=\"https:\/\/www.lamarette.com\/wp-content\/uploads\/bar-restaurant-05-600x450.jpg\" class=\"img-responsive wp-image-5840\" srcset=\"https:\/\/www.lamarette.com\/wp-content\/uploads\/bar-restaurant-05-200x150.jpg 200w, https:\/\/www.lamarette.com\/wp-content\/uploads\/bar-restaurant-05-400x300.jpg 400w, https:\/\/www.lamarette.com\/wp-content\/uploads\/bar-restaurant-05-600x450.jpg 600w, https:\/\/www.lamarette.com\/wp-content\/uploads\/bar-restaurant-05-800x600.jpg 800w, https:\/\/www.lamarette.com\/wp-content\/uploads\/bar-restaurant-05-1200x900.jpg 1200w, https:\/\/www.lamarette.com\/wp-content\/uploads\/bar-restaurant-05.jpg 1400w\" sizes=\"(max-width: 1024px) 100vw, (max-width: 640px) 100vw, 600px\" \/><\/a><\/span><\/div><div style=\"text-align:center;\"><span class=\" fusion-imageframe imageframe-none imageframe-6 hover-type-none\"><a href=\"https:\/\/www.lamarette.com\/wp-content\/uploads\/bar-restaurant-04.jpg\" class=\"fusion-lightbox\" data-rel=\"iLightbox[restaurant]\" data-title=\"Das Bar-Restaurant\" title=\"Das Bar-Restaurant\"><img decoding=\"async\" width=\"600\" height=\"450\" alt=\"Das Bar-Restaurant\" src=\"https:\/\/www.lamarette.com\/wp-content\/uploads\/bar-restaurant-04-600x450.jpg\" class=\"img-responsive wp-image-5836\" srcset=\"https:\/\/www.lamarette.com\/wp-content\/uploads\/bar-restaurant-04-200x150.jpg 200w, https:\/\/www.lamarette.com\/wp-content\/uploads\/bar-restaurant-04-400x300.jpg 400w, https:\/\/www.lamarette.com\/wp-content\/uploads\/bar-restaurant-04-600x450.jpg 600w, https:\/\/www.lamarette.com\/wp-content\/uploads\/bar-restaurant-04-800x600.jpg 800w, https:\/\/www.lamarette.com\/wp-content\/uploads\/bar-restaurant-04-1200x900.jpg 1200w, https:\/\/www.lamarette.com\/wp-content\/uploads\/bar-restaurant-04.jpg 1400w\" sizes=\"(max-width: 1024px) 100vw, (max-width: 640px) 100vw, 600px\" \/><\/a><\/span><\/div><div style=\"text-align:center;\"><span class=\" fusion-imageframe imageframe-none imageframe-7 hover-type-none\"><a href=\"https:\/\/www.lamarette.com\/wp-content\/uploads\/bar-restaurant-03.jpg\" class=\"fusion-lightbox\" data-rel=\"iLightbox[restaurant]\" data-title=\"Das Bar-Restaurant\" title=\"Das Bar-Restaurant\"><img decoding=\"async\" width=\"600\" height=\"450\" alt=\"Das Bar-Restaurant\" src=\"https:\/\/www.lamarette.com\/wp-content\/uploads\/bar-restaurant-03-600x450.jpg\" class=\"img-responsive wp-image-5832\" srcset=\"https:\/\/www.lamarette.com\/wp-content\/uploads\/bar-restaurant-03-200x150.jpg 200w, https:\/\/www.lamarette.com\/wp-content\/uploads\/bar-restaurant-03-400x300.jpg 400w, https:\/\/www.lamarette.com\/wp-content\/uploads\/bar-restaurant-03-600x450.jpg 600w, https:\/\/www.lamarette.com\/wp-content\/uploads\/bar-restaurant-03-800x600.jpg 800w, https:\/\/www.lamarette.com\/wp-content\/uploads\/bar-restaurant-03-1200x900.jpg 1200w, https:\/\/www.lamarette.com\/wp-content\/uploads\/bar-restaurant-03.jpg 1400w\" sizes=\"(max-width: 1024px) 100vw, (max-width: 640px) 100vw, 600px\" \/><\/a><\/span><\/div><div style=\"text-align:center;\"><span class=\" fusion-imageframe imageframe-none imageframe-8 hover-type-none\"><a href=\"https:\/\/www.lamarette.com\/wp-content\/uploads\/bar-restaurant-08.jpg\" class=\"fusion-lightbox\" data-rel=\"iLightbox[restaurant]\" data-title=\"Das Bar-Restaurant\" title=\"Das Bar-Restaurant\"><img decoding=\"async\" width=\"600\" height=\"450\" alt=\"Das Bar-Restaurant\" src=\"https:\/\/www.lamarette.com\/wp-content\/uploads\/bar-restaurant-08-600x450.jpg\" class=\"img-responsive wp-image-5820\"\/><\/a><\/span><\/div><div style=\"text-align:center;\"><span class=\" fusion-imageframe imageframe-none imageframe-9 hover-type-none\"><a href=\"https:\/\/www.lamarette.com\/wp-content\/uploads\/bar-restaurant-2.jpg\" class=\"fusion-lightbox\" data-rel=\"iLightbox[restaurant]\" data-title=\"Das Bar-Restaurant\" title=\"Das Bar-Restaurant\"><img decoding=\"async\" width=\"600\" height=\"450\" alt=\"Das Bar-Restaurant\" src=\"https:\/\/www.lamarette.com\/wp-content\/uploads\/bar-restaurant-2-600x450.jpg\" class=\"img-responsive wp-image-6788\"\/><\/a><\/span><\/div><div style=\"text-align:center;\"><span class=\" fusion-imageframe imageframe-none imageframe-10 hover-type-none\"><a href=\"https:\/\/www.lamarette.com\/wp-content\/uploads\/bar-restaurant-1.jpg\" class=\"fusion-lightbox\" data-rel=\"iLightbox[restaurant]\" data-title=\"Das Bar-Restaurant\" title=\"Das Bar-Restaurant\"><img decoding=\"async\" width=\"600\" height=\"450\" alt=\"Das Bar-Restaurant\" src=\"https:\/\/www.lamarette.com\/wp-content\/uploads\/bar-restaurant.jpg\" class=\"img-responsive wp-image-6794\" srcset=\"https:\/\/www.lamarette.com\/wp-content\/uploads\/bar-restaurant-200x150.jpg 200w, https:\/\/www.lamarette.com\/wp-content\/uploads\/bar-restaurant-400x300.jpg 400w, https:\/\/www.lamarette.com\/wp-content\/uploads\/bar-restaurant.jpg 600w\" sizes=\"(max-width: 1024px) 100vw, (max-width: 640px) 100vw, 600px\" \/><\/a><\/span><\/div><\/div><\/div><style type=\"text\/css\">.fusion-body .fusion-builder-column-8{width:100% !important;margin-top : 0px;margin-bottom : 20px;}.fusion-builder-column-8 > .fusion-column-wrapper {padding-top : 0px !important;padding-right : 0px !important;margin-right : 1.92%;padding-bottom : 0px !important;padding-left : 0px !important;margin-left : 1.92%;}@media only screen and (max-width:1024px) {.fusion-body .fusion-builder-column-8{width:100% !important;order : 0;}.fusion-builder-column-8 > .fusion-column-wrapper {margin-right : 1.92%;margin-left : 1.92%;}}@media only screen and (max-width:640px) {.fusion-body .fusion-builder-column-8{width:100% !important;order : 0;}.fusion-builder-column-8 > .fusion-column-wrapper {margin-right : 1.92%;margin-left : 1.92%;}}<\/style><\/div><style type=\"text\/css\">.fusion-body .fusion-flex-container.fusion-builder-row-2{ padding-top : 0px;margin-top : 30px;padding-right : 0px;padding-bottom : 0px;margin-bottom : 0px;padding-left : 0px;}<\/style><\/div><\/p>\n","protected":false},"excerpt":{"rendered":"<p>Snacks zum Mittag, den ganzen Tag lang Imbisse f\u00fcr den kleinen Hunger zwischendurch, Pizzas und Themenabende\u2026<\/p>\n","protected":false},"author":1,"featured_media":3075,"parent":946,"menu_order":12,"comment_status":"closed","ping_status":"closed","template":"100-width.php","meta":{"_acf_changed":false,"footnotes":""},"class_list":["post-965","page","type-page","status-publish","has-post-thumbnail","hentry"],"acf":[],"_links":{"self":[{"href":"https:\/\/www.lamarette.com\/de\/wp-json\/wp\/v2\/pages\/965","targetHints":{"allow":["GET"]}}],"collection":[{"href":"https:\/\/www.lamarette.com\/de\/wp-json\/wp\/v2\/pages"}],"about":[{"href":"https:\/\/www.lamarette.com\/de\/wp-json\/wp\/v2\/types\/page"}],"author":[{"embeddable":true,"href":"https:\/\/www.lamarette.com\/de\/wp-json\/wp\/v2\/users\/1"}],"replies":[{"embeddable":true,"href":"https:\/\/www.lamarette.com\/de\/wp-json\/wp\/v2\/comments?post=965"}],"version-history":[{"count":13,"href":"https:\/\/www.lamarette.com\/de\/wp-json\/wp\/v2\/pages\/965\/revisions"}],"predecessor-version":[{"id":6799,"href":"https:\/\/www.lamarette.com\/de\/wp-json\/wp\/v2\/pages\/965\/revisions\/6799"}],"up":[{"embeddable":true,"href":"https:\/\/www.lamarette.com\/de\/wp-json\/wp\/v2\/pages\/946"}],"wp:featuredmedia":[{"embeddable":true,"href":"https:\/\/www.lamarette.com\/de\/wp-json\/wp\/v2\/media\/3075"}],"wp:attachment":[{"href":"https:\/\/www.lamarette.com\/de\/wp-json\/wp\/v2\/media?parent=965"}],"curies":[{"name":"wp","href":"https:\/\/api.w.org\/{rel}","templated":true}]}}