{"id":957,"date":"2017-11-17T13:52:49","date_gmt":"2017-11-17T12:52:49","guid":{"rendered":"https:\/\/www.lamarette.com\/le-camping\/services\/"},"modified":"2025-11-21T11:44:02","modified_gmt":"2025-11-21T10:44:02","slug":"diensten","status":"publish","type":"page","link":"https:\/\/www.lamarette.com\/de\/der-campingplatz\/diensten\/","title":{"rendered":"Diensten"},"content":{"rendered":"<p><div class=\"fusion-fullwidth fullwidth-box fusion-builder-row-1 bg-green hundred-percent-fullwidth non-hundred-percent-height-scrolling\" style=\"background-color: rgba(255,255,255,0);background-position: center center;background-repeat: no-repeat;padding-top:40px;padding-right:0px;padding-bottom:20px;padding-left:0px;margin-bottom: 0px;margin-top: 0px;border-width: 0px 0px 0px 0px;border-color:#eae9e9;border-style:solid;\" ><div class=\"fusion-builder-row fusion-row\"><div class=\"fusion-layout-column fusion_builder_column fusion-builder-column-0 fusion_builder_column_1_5 1_5 fusion-one-fifth fusion-column-first bloc-infos-css\" style=\"width:20%;width:calc(20% - ( ( 10px + 10px + 10px + 10px ) * 0.2 ) );margin-right: 10px;margin-top:0px;margin-bottom:20px;\"><div class=\"fusion-column-wrapper fusion-flex-column-wrapper-legacy\" style=\"background-position:left top;background-repeat:no-repeat;-webkit-background-size:cover;-moz-background-size:cover;-o-background-size:cover;background-size:cover;padding: 0px 0px 0px 0px;\"><div class=\"fusion-text fusion-text-1\" style=\"transform:translate3d(0,0,0);\"><p style=\"text-align: center;\"><span class=\"font-up\">WLAN<\/span><br \/>\nKostenlos \/ Kostenpflichtig<\/p>\n<\/div><div class=\"fusion-clearfix\"><\/div><\/div><\/div><div class=\"fusion-layout-column fusion_builder_column fusion-builder-column-1 fusion_builder_column_1_5 1_5 fusion-one-fifth bloc-infos-css\" style=\"width:20%;width:calc(20% - ( ( 10px + 10px + 10px + 10px ) * 0.2 ) );margin-right: 10px;margin-top:0px;margin-bottom:20px;\"><div class=\"fusion-column-wrapper fusion-flex-column-wrapper-legacy\" style=\"background-position:left top;background-repeat:no-repeat;-webkit-background-size:cover;-moz-background-size:cover;-o-background-size:cover;background-size:cover;padding: 0px 0px 0px 0px;\"><div class=\"fusion-text fusion-text-2\" style=\"transform:translate3d(0,0,0);\"><p style=\"text-align: center;\"><span class=\"font-up\">Brot &amp; Geb\u00e4ck<\/span><br \/>\nT\u00e4glich erh\u00e4ltlich<\/p>\n<\/div><div class=\"fusion-clearfix\"><\/div><\/div><\/div><div class=\"fusion-layout-column fusion_builder_column fusion-builder-column-2 fusion_builder_column_1_5 1_5 fusion-one-fifth bloc-infos-css\" style=\"width:20%;width:calc(20% - ( ( 10px + 10px + 10px + 10px ) * 0.2 ) );margin-right: 10px;margin-top:0px;margin-bottom:20px;\"><div class=\"fusion-column-wrapper fusion-flex-column-wrapper-legacy\" style=\"background-position:left top;background-repeat:no-repeat;-webkit-background-size:cover;-moz-background-size:cover;-o-background-size:cover;background-size:cover;padding: 0px 0px 0px 0px;\"><div class=\"fusion-text fusion-text-3\" style=\"transform:translate3d(0,0,0);\"><p style=\"text-align: center;\"><span class=\"font-up\">Waschmaschinen<\/span><br \/>\nEs stehen 2 zu Ihrer Verf\u00fcgung<\/p>\n<\/div><div class=\"fusion-clearfix\"><\/div><\/div><\/div><div class=\"fusion-layout-column fusion_builder_column fusion-builder-column-3 fusion_builder_column_1_5 1_5 fusion-one-fifth bloc-infos-css\" style=\"width:20%;width:calc(20% - ( ( 10px + 10px + 10px + 10px ) * 0.2 ) );margin-right: 10px;margin-top:0px;margin-bottom:20px;\"><div class=\"fusion-column-wrapper fusion-flex-column-wrapper-legacy\" style=\"background-position:left top;background-repeat:no-repeat;-webkit-background-size:cover;-moz-background-size:cover;-o-background-size:cover;background-size:cover;padding: 0px 0px 0px 0px;\"><div class=\"fusion-text fusion-text-4\" style=\"transform:translate3d(0,0,0);\"><p style=\"text-align: center;\"><span class=\"font-up\">Ladestation f\u00fcr Elektroautos<\/span><br \/>\n2 Ladepunkte<\/p>\n<\/div><div class=\"fusion-clearfix\"><\/div><\/div><\/div><div class=\"fusion-layout-column fusion_builder_column fusion-builder-column-4 fusion_builder_column_1_5 1_5 fusion-one-fifth fusion-column-last bloc-infos-css\" style=\"width:20%;width:calc(20% - ( ( 10px + 10px + 10px + 10px ) * 0.2 ) );margin-top:0px;margin-bottom:20px;\"><div class=\"fusion-column-wrapper fusion-flex-column-wrapper-legacy\" style=\"background-position:left top;background-repeat:no-repeat;-webkit-background-size:cover;-moz-background-size:cover;-o-background-size:cover;background-size:cover;padding: 0px 0px 0px 0px;\"><div class=\"fusion-text fusion-text-5\" style=\"transform:translate3d(0,0,0);\"><p style=\"text-align: center;\"><span class=\"font-up\">Mini-Fitnessstudio<\/span><br \/>\nLaufband, Crosstrainer, &#8230;<\/p>\n<\/div><div class=\"fusion-clearfix\"><\/div><\/div><\/div><\/div><\/div><div class=\"fusion-fullwidth fullwidth-box fusion-builder-row-2 nonhundred-percent-fullwidth non-hundred-percent-height-scrolling\" style=\"background-color: rgba(255,255,255,0);background-position: center center;background-repeat: no-repeat;padding-top:0px;padding-right:0px;padding-bottom:0px;padding-left:0px;margin-bottom: 0px;margin-top: 30px;border-width: 0px 0px 0px 0px;border-color:#eae9e9;border-style:solid;\" ><div class=\"fusion-builder-row fusion-row\"><div class=\"fusion-layout-column fusion_builder_column fusion-builder-column-5 fusion_builder_column_1_1 1_1 fusion-one-full fusion-column-first fusion-column-last bloc-services\" style=\"margin-top:0px;margin-bottom:20px;\"><div class=\"fusion-column-wrapper fusion-flex-column-wrapper-legacy\" style=\"background-position:left top;background-repeat:no-repeat;-webkit-background-size:cover;-moz-background-size:cover;-o-background-size:cover;background-size:cover;padding: 0px 0px 0px 0px;\"><div class=\"fusion-text fusion-text-6\" style=\"transform:translate3d(0,0,0);\"><p style=\"text-align: center;\">Um Ihren Aufenthalt so angenehm und komfortabel wie m\u00f6glich zu gestalten, steht Ihnen auf dem Gel\u00e4nde des Campingplatzes ein umfangreiches Serviceangebot zur Verf\u00fcgung.<\/p>\n<\/div><style type=\"text\/css\"><\/style><div class=\"fusion-title title fusion-title-1 fusion-sep-none fusion-title-text fusion-title-size-two\" style=\"margin-top:0px;margin-bottom:31px;\"><h2 class=\"title-heading-left\" style=\"margin:0;\">Die Serviceleistungen des Campingplatzes<\/h2><\/div><div class=\"fusion-text fusion-text-7\" style=\"transform:translate3d(0,0,0);\"><p><i class=\"picto picto-reception\" title=\"R\u00e9ception\"><\/i><strong>REZEPTION<\/strong><br \/>\nAn der Rezeption sorgt unser Empfangsteam daf\u00fcr, dass Ihr Urlaub in der Ard\u00e8che zu einem rundum gelungenen Erlebnis wird. Sie werden herzlich empfangen und erhalten umfassende Informationen rund um Ihren Aufenthalt in unserer sch\u00f6nen Region. Hier erhalten Sie Vorschl\u00e4ge und Tipps f\u00fcr eine optimale Planung Ihrer Besichtigungen. Die Rezeption das Campingplatzes ist <strong>t\u00e4glich von 10 bis 12.30 Uhr sowie von 14 bis 19 Uhr f\u00fcr Sie ge\u00f6ffnet<\/strong>.<\/p>\n<p><i class=\"picto picto-wifi\" title=\"Wifi\"><\/i><strong>W-LAN<\/strong><br \/>\nLA MARETTE verf\u00fcgt \u00fcber einen fl\u00e4chendeckenden WLAN-Zugang zum Preis von 1 \u20ac\/Tag\/Ger\u00e4t.<\/p>\n<p><i class=\"picto picto-bbq\" title=\"Barbecue\"><\/i><strong>GRILLEN<\/strong><br \/>\nFreuen Sie sich auf ein kleines Grillfest mit Freunden oder der Familie unter dem idyllischen Zirpen der Zikaden. Ein Gemeinschaftsgrill (Selbstbedienung) steht Ihnen zur Verf\u00fcgung. Zur Erinnerung: Gem\u00e4\u00df einem Pr\u00e4fekturerlass ist der Betrieb von Holzkohlegrills nicht gestattet. Erlaubt sind ausschlie\u00dflich Elektrogrills mit einer Leistung von weniger als 1500 Watt.<\/p>\n<p><i class=\"picto picto-pain\" title=\"Pain et viennoiseries\"><\/i><strong>VERKAUF VON BROT UND GEB\u00c4CK<\/strong><br \/>\nUm Ihnen den Aufenthalt so angenehm wie m\u00f6glich zu gestalten, bietet Ihnen unser Restaurant frisches Brot und Geb\u00e4ck (ofenfrische \u201ePain au Chocolat\u201c und Croissants), das Sie am Vorabend vor 19 Uhr bestellen k\u00f6nnen.<\/p>\n<p><strong>TK-SERVICE<\/strong><br \/>\nEine kleine Gefriertruhe f\u00fcr Eisbl\u00f6cke steht Ihnen im Sanit\u00e4rbereich kostenlos zur Verf\u00fcgung.<\/p>\n<p><i class=\"picto picto-lavelinge\" title=\"Lave-linge\"><\/i><strong>WASCHSALON<\/strong><br \/>\nZwei Waschmaschinen stehen Ihnen von 7 bis 23 Uhr im Sanit\u00e4rbereich zur Verf\u00fcgung. Denken Sie daran, Waschmittel mitzubringen (nur in dosierten Einheiten). Preise: 5 \u20ac pro Maschine, 1 \u20ac f\u00fcr 2 Dosierungen.<\/p>\n<p><i class=\"picto picto-pmr\" title=\"Bloc sanitaire acc\u00e8s PMR\"><\/i><strong>Barrierefreiheit<\/strong><br \/>\nPersonen mit eingeschr\u00e4nkter Mobilit\u00e4t steht ein barrierefreier Sanit\u00e4rbereich mit einer Duschkabine, einem WC und einem Waschbecken zur Verf\u00fcgung. Leider sind wir derzeit noch nicht f\u00fcr die Bed\u00fcrfnisse von sehbehinderten G\u00e4sten ausger\u00fcstet.<\/p>\n<p><strong>VERKAUF VON EINWEGBETTW\u00c4SCHE<\/strong><br \/>\nBei der Planung Ihres Urlaubs kann man leicht einmal etwas vergessen. Wenn es sich dabei um Ihre Bettw\u00e4sche handelt, haben wir die optimale L\u00f6sung f\u00fcr Sie. Unsere Camper k\u00f6nnen Einwegbettw\u00e4sche kaufen, sowohl f\u00fcr Einzel- als auch f\u00fcr Doppelbetten. Unsere Bettw\u00e4sche-Sets sind Komplettpakete, die aus einem Spannbetttuch, einem Laken und Kissenbez\u00fcgen bestehen. Wenn Sie diese also vergessen haben oder einfach nur nicht so viel Gep\u00e4ck mitnehmen m\u00f6chten, ist Ihnen unsere Rezeption gerne behilflich. Preis: 10 \u20ac pro Komplettpaket<\/p>\n<p><i class=\"picto picto-kitbebe\" title=\"Kit b\u00e9b\u00e9\"><\/i><strong>VERLEIH VON REGENSCHIRMEN UND BABYST\u00dcHLEN*<\/strong><br \/>\nFamilien, die auf dem Campingplatz \u00fcbernachten, haben die M\u00f6glichkeit, Regenschirme und Babyst\u00fchle zu mieten. Bestellen Sie diese am besten gleich bei Ihrer Buchung. Unsere Betten kombinieren Komfort mit Funktionalit\u00e4t: Sie lassen sich zusammen- und auseinanderklappen und haben eine Gr\u00f6\u00dfe von 120 \u00d7 60 cm.<\/p>\n<p><strong>VERLEIH VON K\u00dcHLSCHR\u00c4NKEN*<\/strong><br \/>\nF\u00fcr alle Camper, die mit Zelt oder Wohnwagen anreisen m\u00f6chten, besteht die M\u00f6glichkeit, K\u00fchlschr\u00e4nke bei unserem Rezeptionsteam zu mieten. Idealerweise geben Sie dies bereits bei Ihrer Buchung an. Um Ihnen den Aufenthalt so angenehm wie m\u00f6glich zu gestalten, bringt das Team des Campingplatzes La Marette*** das Ger\u00e4t gerne auf Ihren Stellplatz. Preis: 10 \u20ac\/Tag.<\/p>\n<p><strong>BIBLIOTHEK<\/strong><br \/>\nAusleihe und Abgabe. B\u00fccher sind an der Rezeption erh\u00e4ltlich. Die Bibliothek wurde mit Spenden von Urlaubern eingerichtet und jedes Jahr werden neue B\u00fccher bereitgestellt. Sie spiegeln die Lesegewohnheiten unserer G\u00e4ste wider.<\/p>\n<p>* (je nach Verf\u00fcgbarkeit), bitte denken Sie daran, diese je nach Ausstattung online oder vor Ort zu reservieren.<\/p>\n<\/div><div class=\"fusion-clearfix\"><\/div><\/div><\/div><div class=\"fusion-layout-column fusion_builder_column fusion-builder-column-6 fusion_builder_column_1_1 1_1 fusion-one-full fusion-column-first fusion-column-last bloc-services aproximite\" style=\"margin-top:0px;margin-bottom:20px;\"><div class=\"fusion-column-wrapper fusion-flex-column-wrapper-legacy\" style=\"background-position:left top;background-repeat:no-repeat;-webkit-background-size:cover;-moz-background-size:cover;-o-background-size:cover;background-size:cover;padding: 0px 0px 0px 0px;\"><style type=\"text\/css\"><\/style><div class=\"fusion-title title fusion-title-2 fusion-sep-none fusion-title-text fusion-title-size-two\" style=\"margin-top:0px;margin-bottom:31px;\"><h2 class=\"title-heading-left\" style=\"margin:0;\">Serviceangebote in der N\u00e4he des Campingplatzes<\/h2><\/div><div class=\"fusion-text fusion-text-8\" style=\"transform:translate3d(0,0,0);\"><p><i class=\"picto\" title=\"In Rocles\"><\/i>B\u00e4ckerei und Post in Rocles (1 km).<\/p>\n<p><i class=\"picto\" title=\"In Largenti\u00e8re\"><\/i>Supermarkt Carrefour Contact \/ Apotheke \/ Bank \/ Tabakladen \/ Post \/ Tankstelle in Largenti\u00e8re (8 km)<\/p>\n<p><i class=\"picto\" title=\"In Rosi\u00e8res\"><\/i>Supermarkt Lidl und Intermarch\u00e9 in Rosi\u00e8res (18 km)<\/p>\n<p><i class=\"picto\" title=\"St Etienne de Fontbellon \"><\/i>Supermarkt Leclerc in St Etienne de Fontbellon (23 km)<\/p>\n<\/div><div class=\"fusion-clearfix\"><\/div><\/div><\/div><div class=\"fusion-layout-column fusion_builder_column fusion-builder-column-7 fusion_builder_column_1_4 1_4 fusion-one-fourth fusion-column-first\" style=\"width:25%;width:calc(25% - ( ( 20px + 20px + 20px ) * 0.25 ) );margin-right: 20px;margin-top:0px;margin-bottom:20px;\"><div class=\"fusion-column-wrapper fusion-flex-column-wrapper-legacy\" style=\"background-position:left top;background-repeat:no-repeat;-webkit-background-size:cover;-moz-background-size:cover;-o-background-size:cover;background-size:cover;padding: 0px 0px 0px 0px;\"><div class=\"imageframe-align-center\"><span class=\" fusion-imageframe imageframe-none imageframe-1 hover-type-none\"><a href=\"https:\/\/www.lamarette.com\/wp-content\/uploads\/reception-02.jpg\" class=\"fusion-lightbox\" data-rel=\"iLightbox[services]\" data-title=\"Die Rezeption des Campingplatzes\" title=\"Die Rezeption des Campingplatzes\"><img decoding=\"async\" width=\"400\" height=\"267\" alt=\"Die Rezeption des Campingplatzes\" src=\"https:\/\/www.lamarette.com\/wp-content\/uploads\/reception-02-400x267.jpg\" class=\"img-responsive wp-image-3136\" srcset=\"https:\/\/www.lamarette.com\/wp-content\/uploads\/reception-02-200x133.jpg 200w, https:\/\/www.lamarette.com\/wp-content\/uploads\/reception-02-400x267.jpg 400w, https:\/\/www.lamarette.com\/wp-content\/uploads\/reception-02-600x400.jpg 600w, https:\/\/www.lamarette.com\/wp-content\/uploads\/reception-02-800x533.jpg 800w, https:\/\/www.lamarette.com\/wp-content\/uploads\/reception-02-1200x800.jpg 1200w, https:\/\/www.lamarette.com\/wp-content\/uploads\/reception-02.jpg 1350w\" sizes=\"(max-width: 900px) 100vw, 400px\" \/><\/a><\/span><\/div><div class=\"fusion-clearfix\"><\/div><\/div><\/div><div class=\"fusion-layout-column fusion_builder_column fusion-builder-column-8 fusion_builder_column_1_4 1_4 fusion-one-fourth\" style=\"width:25%;width:calc(25% - ( ( 20px + 20px + 20px ) * 0.25 ) );margin-right: 20px;margin-top:0px;margin-bottom:20px;\"><div class=\"fusion-column-wrapper fusion-flex-column-wrapper-legacy\" style=\"background-position:left top;background-repeat:no-repeat;-webkit-background-size:cover;-moz-background-size:cover;-o-background-size:cover;background-size:cover;padding: 0px 0px 0px 0px;\"><div class=\"imageframe-align-center\"><span class=\" fusion-imageframe imageframe-none imageframe-2 hover-type-none\"><a href=\"https:\/\/www.lamarette.com\/wp-content\/uploads\/reception-03.jpg\" class=\"fusion-lightbox\" data-rel=\"iLightbox[services]\" data-title=\"Die Rezeption des Campingplatzes\" title=\"Die Rezeption des Campingplatzes\"><img decoding=\"async\" width=\"400\" height=\"267\" alt=\"Die Rezeption des Campingplatzes\" src=\"https:\/\/www.lamarette.com\/wp-content\/uploads\/reception-03-400x267.jpg\" class=\"img-responsive wp-image-3140\" srcset=\"https:\/\/www.lamarette.com\/wp-content\/uploads\/reception-03-200x133.jpg 200w, https:\/\/www.lamarette.com\/wp-content\/uploads\/reception-03-400x267.jpg 400w, https:\/\/www.lamarette.com\/wp-content\/uploads\/reception-03-600x400.jpg 600w, https:\/\/www.lamarette.com\/wp-content\/uploads\/reception-03-800x533.jpg 800w, https:\/\/www.lamarette.com\/wp-content\/uploads\/reception-03-1200x800.jpg 1200w, https:\/\/www.lamarette.com\/wp-content\/uploads\/reception-03.jpg 1350w\" sizes=\"(max-width: 900px) 100vw, 400px\" \/><\/a><\/span><\/div><div class=\"fusion-clearfix\"><\/div><\/div><\/div><div class=\"fusion-layout-column fusion_builder_column fusion-builder-column-9 fusion_builder_column_1_4 1_4 fusion-one-fourth\" style=\"width:25%;width:calc(25% - ( ( 20px + 20px + 20px ) * 0.25 ) );margin-right: 20px;margin-top:0px;margin-bottom:20px;\"><div class=\"fusion-column-wrapper fusion-flex-column-wrapper-legacy\" style=\"background-position:left top;background-repeat:no-repeat;-webkit-background-size:cover;-moz-background-size:cover;-o-background-size:cover;background-size:cover;padding: 0px 0px 0px 0px;\"><div class=\"imageframe-align-center\"><span class=\" fusion-imageframe imageframe-none imageframe-3 hover-type-none\"><a href=\"https:\/\/www.lamarette.com\/wp-content\/uploads\/restaurant-14.jpg\" class=\"fusion-lightbox\" data-rel=\"iLightbox[services]\" data-title=\"Die Bar des Campingplatzes\" title=\"Die Bar des Campingplatzes\"><img decoding=\"async\" width=\"400\" height=\"267\" alt=\"Die Bar des Campingplatzes\" src=\"https:\/\/www.lamarette.com\/wp-content\/uploads\/restaurant-14-400x267.jpg\" class=\"img-responsive wp-image-3152\" srcset=\"https:\/\/www.lamarette.com\/wp-content\/uploads\/restaurant-14-200x133.jpg 200w, https:\/\/www.lamarette.com\/wp-content\/uploads\/restaurant-14-400x267.jpg 400w, https:\/\/www.lamarette.com\/wp-content\/uploads\/restaurant-14-600x400.jpg 600w, https:\/\/www.lamarette.com\/wp-content\/uploads\/restaurant-14-800x533.jpg 800w, https:\/\/www.lamarette.com\/wp-content\/uploads\/restaurant-14-1200x800.jpg 1200w, https:\/\/www.lamarette.com\/wp-content\/uploads\/restaurant-14.jpg 1350w\" sizes=\"(max-width: 900px) 100vw, 400px\" \/><\/a><\/span><\/div><div class=\"fusion-clearfix\"><\/div><\/div><\/div><div class=\"fusion-layout-column fusion_builder_column fusion-builder-column-10 fusion_builder_column_1_4 1_4 fusion-one-fourth fusion-column-last\" style=\"width:25%;width:calc(25% - ( ( 20px + 20px + 20px ) * 0.25 ) );margin-top:0px;margin-bottom:20px;\"><div class=\"fusion-column-wrapper fusion-flex-column-wrapper-legacy\" style=\"background-position:left top;background-repeat:no-repeat;-webkit-background-size:cover;-moz-background-size:cover;-o-background-size:cover;background-size:cover;padding: 0px 0px 0px 0px;\"><div class=\"imageframe-align-center\"><span class=\" fusion-imageframe imageframe-none imageframe-4 hover-type-none\"><a href=\"https:\/\/www.lamarette.com\/wp-content\/uploads\/restaurant-13.jpg\" class=\"fusion-lightbox\" data-rel=\"iLightbox[services]\" data-title=\"Das Restaurant des Campingplatzes\" title=\"Das Restaurant des Campingplatzes\"><img decoding=\"async\" width=\"400\" height=\"267\" alt=\"Das Restaurant des Campingplatzes\" src=\"https:\/\/www.lamarette.com\/wp-content\/uploads\/restaurant-13-bis-400x267.jpg\" class=\"img-responsive wp-image-3148\" srcset=\"https:\/\/www.lamarette.com\/wp-content\/uploads\/restaurant-13-bis-200x133.jpg 200w, https:\/\/www.lamarette.com\/wp-content\/uploads\/restaurant-13-bis-400x267.jpg 400w, https:\/\/www.lamarette.com\/wp-content\/uploads\/restaurant-13-bis-600x400.jpg 600w, https:\/\/www.lamarette.com\/wp-content\/uploads\/restaurant-13-bis-800x533.jpg 800w, https:\/\/www.lamarette.com\/wp-content\/uploads\/restaurant-13-bis-1200x800.jpg 1200w, https:\/\/www.lamarette.com\/wp-content\/uploads\/restaurant-13-bis.jpg 1350w\" sizes=\"(max-width: 900px) 100vw, 400px\" \/><\/a><\/span><\/div><div class=\"fusion-clearfix\"><\/div><\/div><\/div><div class=\"fusion-layout-column fusion_builder_column fusion-builder-column-11 fusion_builder_column_1_4 1_4 fusion-one-fourth fusion-column-first\" style=\"width:25%;width:calc(25% - ( ( 20px + 20px + 20px ) * 0.25 ) );margin-right: 20px;margin-top:0px;margin-bottom:20px;\"><div class=\"fusion-column-wrapper fusion-flex-column-wrapper-legacy\" style=\"background-position:left top;background-repeat:no-repeat;-webkit-background-size:cover;-moz-background-size:cover;-o-background-size:cover;background-size:cover;padding: 0px 0px 0px 0px;\"><div class=\"imageframe-align-center\"><span class=\" fusion-imageframe imageframe-none imageframe-5 hover-type-none\"><a href=\"https:\/\/www.lamarette.com\/wp-content\/uploads\/barbecue-collectif-01.jpg\" class=\"fusion-lightbox\" data-rel=\"iLightbox[services]\" data-title=\"Kollektives Barbecue\" title=\"Kollektives Barbecue\"><img decoding=\"async\" width=\"400\" height=\"267\" alt=\"Kollektives Barbecue\" src=\"https:\/\/www.lamarette.com\/wp-content\/uploads\/barbecue-collectif-01-400x267.jpg\" class=\"img-responsive wp-image-3157\" srcset=\"https:\/\/www.lamarette.com\/wp-content\/uploads\/barbecue-collectif-01-200x133.jpg 200w, https:\/\/www.lamarette.com\/wp-content\/uploads\/barbecue-collectif-01-400x267.jpg 400w, https:\/\/www.lamarette.com\/wp-content\/uploads\/barbecue-collectif-01-600x400.jpg 600w, https:\/\/www.lamarette.com\/wp-content\/uploads\/barbecue-collectif-01-800x533.jpg 800w, https:\/\/www.lamarette.com\/wp-content\/uploads\/barbecue-collectif-01-1200x800.jpg 1200w, https:\/\/www.lamarette.com\/wp-content\/uploads\/barbecue-collectif-01.jpg 1350w\" sizes=\"(max-width: 900px) 100vw, 400px\" \/><\/a><\/span><\/div><div class=\"fusion-clearfix\"><\/div><\/div><\/div><div class=\"fusion-layout-column fusion_builder_column fusion-builder-column-12 fusion_builder_column_1_4 1_4 fusion-one-fourth\" style=\"width:25%;width:calc(25% - ( ( 20px + 20px + 20px ) * 0.25 ) );margin-right: 20px;margin-top:0px;margin-bottom:20px;\"><div class=\"fusion-column-wrapper fusion-flex-column-wrapper-legacy\" style=\"background-position:left top;background-repeat:no-repeat;-webkit-background-size:cover;-moz-background-size:cover;-o-background-size:cover;background-size:cover;padding: 0px 0px 0px 0px;\"><div class=\"imageframe-align-center\"><span class=\" fusion-imageframe imageframe-none imageframe-6 hover-type-none\"><a href=\"https:\/\/www.lamarette.com\/wp-content\/uploads\/barbecue-collectif-02.jpg\" class=\"fusion-lightbox\" data-rel=\"iLightbox[services]\" data-title=\"Kollektives Barbecue\" title=\"Kollektives Barbecue\"><img decoding=\"async\" width=\"400\" height=\"267\" alt=\"Kollektives Barbecue\" src=\"https:\/\/www.lamarette.com\/wp-content\/uploads\/barbecue-collectif-02-400x267.jpg\" class=\"img-responsive wp-image-3192\" srcset=\"https:\/\/www.lamarette.com\/wp-content\/uploads\/barbecue-collectif-02-200x133.jpg 200w, https:\/\/www.lamarette.com\/wp-content\/uploads\/barbecue-collectif-02-400x267.jpg 400w, https:\/\/www.lamarette.com\/wp-content\/uploads\/barbecue-collectif-02-600x400.jpg 600w, https:\/\/www.lamarette.com\/wp-content\/uploads\/barbecue-collectif-02-800x533.jpg 800w, https:\/\/www.lamarette.com\/wp-content\/uploads\/barbecue-collectif-02-1200x800.jpg 1200w, https:\/\/www.lamarette.com\/wp-content\/uploads\/barbecue-collectif-02.jpg 1350w\" sizes=\"(max-width: 900px) 100vw, 400px\" \/><\/a><\/span><\/div><div class=\"fusion-clearfix\"><\/div><\/div><\/div><div class=\"fusion-layout-column fusion_builder_column fusion-builder-column-13 fusion_builder_column_1_4 1_4 fusion-one-fourth\" style=\"width:25%;width:calc(25% - ( ( 20px + 20px + 20px ) * 0.25 ) );margin-right: 20px;margin-top:0px;margin-bottom:20px;\"><div class=\"fusion-column-wrapper fusion-flex-column-wrapper-legacy\" style=\"background-position:left top;background-repeat:no-repeat;-webkit-background-size:cover;-moz-background-size:cover;-o-background-size:cover;background-size:cover;padding: 0px 0px 0px 0px;\"><div class=\"imageframe-align-center\"><span class=\" fusion-imageframe imageframe-none imageframe-7 hover-type-none\"><a href=\"https:\/\/www.lamarette.com\/wp-content\/uploads\/services-09.jpg\" class=\"fusion-lightbox\" data-rel=\"iLightbox[services]\" data-title=\"Waschmaschinen\" title=\"Waschmaschinen\"><img decoding=\"async\" width=\"400\" height=\"267\" alt=\"Waschmaschinen\" src=\"https:\/\/www.lamarette.com\/wp-content\/uploads\/services-09-400x267.jpg\" class=\"img-responsive wp-image-2470\" srcset=\"https:\/\/www.lamarette.com\/wp-content\/uploads\/services-09-200x134.jpg 200w, https:\/\/www.lamarette.com\/wp-content\/uploads\/services-09-400x267.jpg 400w, https:\/\/www.lamarette.com\/wp-content\/uploads\/services-09-600x401.jpg 600w, https:\/\/www.lamarette.com\/wp-content\/uploads\/services-09-800x535.jpg 800w, https:\/\/www.lamarette.com\/wp-content\/uploads\/services-09.jpg 1200w\" sizes=\"(max-width: 900px) 100vw, 400px\" \/><\/a><\/span><\/div><div class=\"fusion-clearfix\"><\/div><\/div><\/div><div class=\"fusion-layout-column fusion_builder_column fusion-builder-column-14 fusion_builder_column_1_4 1_4 fusion-one-fourth fusion-column-last\" style=\"width:25%;width:calc(25% - ( ( 20px + 20px + 20px ) * 0.25 ) );margin-top:0px;margin-bottom:20px;\"><div class=\"fusion-column-wrapper fusion-flex-column-wrapper-legacy\" style=\"background-position:left top;background-repeat:no-repeat;-webkit-background-size:cover;-moz-background-size:cover;-o-background-size:cover;background-size:cover;padding: 0px 0px 0px 0px;\"><div class=\"imageframe-align-center\"><span class=\" fusion-imageframe imageframe-none imageframe-8 hover-type-none\"><a href=\"https:\/\/www.lamarette.com\/wp-content\/uploads\/mini-salle-de-sport.jpg\" class=\"fusion-lightbox\" data-rel=\"iLightbox[services]\" data-title=\"Mini-Fitnessstudio\" title=\"Mini-Fitnessstudio\"><img decoding=\"async\" width=\"600\" height=\"400\" alt=\"Mini-Fitnessstudio\" src=\"https:\/\/www.lamarette.com\/wp-content\/uploads\/mini-salle-de-sport-600x400.jpg\" class=\"img-responsive wp-image-6745\"\/><\/a><\/span><\/div><div class=\"fusion-clearfix\"><\/div><\/div><\/div><\/div><\/div><\/p>\n","protected":false},"excerpt":{"rendered":"<p>Dank zahlreicher Angebote vor Ort und in der N\u00e4he des Campingplatzes ist die Organisation Ihres Urlaubs besonders einfach.<\/p>\n","protected":false},"author":1,"featured_media":3079,"parent":946,"menu_order":10,"comment_status":"closed","ping_status":"closed","template":"100-width.php","meta":{"_acf_changed":false,"footnotes":""},"class_list":["post-957","page","type-page","status-publish","has-post-thumbnail","hentry"],"acf":[],"_links":{"self":[{"href":"https:\/\/www.lamarette.com\/de\/wp-json\/wp\/v2\/pages\/957","targetHints":{"allow":["GET"]}}],"collection":[{"href":"https:\/\/www.lamarette.com\/de\/wp-json\/wp\/v2\/pages"}],"about":[{"href":"https:\/\/www.lamarette.com\/de\/wp-json\/wp\/v2\/types\/page"}],"author":[{"embeddable":true,"href":"https:\/\/www.lamarette.com\/de\/wp-json\/wp\/v2\/users\/1"}],"replies":[{"embeddable":true,"href":"https:\/\/www.lamarette.com\/de\/wp-json\/wp\/v2\/comments?post=957"}],"version-history":[{"count":41,"href":"https:\/\/www.lamarette.com\/de\/wp-json\/wp\/v2\/pages\/957\/revisions"}],"predecessor-version":[{"id":6748,"href":"https:\/\/www.lamarette.com\/de\/wp-json\/wp\/v2\/pages\/957\/revisions\/6748"}],"up":[{"embeddable":true,"href":"https:\/\/www.lamarette.com\/de\/wp-json\/wp\/v2\/pages\/946"}],"wp:featuredmedia":[{"embeddable":true,"href":"https:\/\/www.lamarette.com\/de\/wp-json\/wp\/v2\/media\/3079"}],"wp:attachment":[{"href":"https:\/\/www.lamarette.com\/de\/wp-json\/wp\/v2\/media?parent=957"}],"curies":[{"name":"wp","href":"https:\/\/api.w.org\/{rel}","templated":true}]}}