{"id":946,"date":"2017-12-01T16:43:19","date_gmt":"2017-12-01T15:43:19","guid":{"rendered":"https:\/\/www.lamarette.com\/le-camping\/"},"modified":"2018-03-26T10:15:19","modified_gmt":"2018-03-26T08:15:19","slug":"der-campingplatz","status":"publish","type":"page","link":"https:\/\/www.lamarette.com\/de\/der-campingplatz\/","title":{"rendered":"Der Campingplatz"},"content":{"rendered":"<div class=\"fusion-fullwidth fullwidth-box fusion-builder-row-1 nonhundred-percent-fullwidth non-hundred-percent-height-scrolling\" style=\"background-color: rgba(255,255,255,0);background-position: center center;background-repeat: no-repeat;padding-top:0px;padding-right:0px;padding-bottom:0px;padding-left:0px;margin-bottom: 0px;margin-top: 0px;border-width: 0px 0px 0px 0px;border-color:#eae9e9;border-style:solid;\" ><div class=\"fusion-builder-row fusion-row\"><div class=\"fusion-layout-column fusion_builder_column fusion-builder-column-0 fusion_builder_column_1_1 1_1 fusion-one-full fusion-column-first fusion-column-last\" style=\"margin-top:0px;margin-bottom:20px;\"><div class=\"fusion-column-wrapper fusion-flex-column-wrapper-legacy\" style=\"background-position:left top;background-repeat:no-repeat;-webkit-background-size:cover;-moz-background-size:cover;-o-background-size:cover;background-size:cover;padding: 0px 0px 0px 0px;\">\t\t\t<style>\n\t\t\t\t#childs { max-width:1200px; margin:0 auto; text-align:center }\t\t\t\t#childs .fusion-post-grid { padding: 10px; }\n\t\t\t\t#childs .fusion-post-grid h2 { text-align:left; margin-top:0 !important; margin-bottom:0 !important; border:none }\n\t\t\t\t#childs .fusion-post-grid h2 a { text-decoration:none !important; color:#8ABB00 !important; }\n\t\t\t\t#childs .fusion-post-grid h2 a:hover { text-decoration:underline; }\n\t\t\t\t#childs .fusion-content-sep { margin-top:10px }\n\t\t\t\t#childs .fusion-post-grid p { font-size:0.85em; color:#333; text-align:justify !important; margin-bottom:20px; }\n\t\t\t\t#childs .fusion-post-grid .fusion-post-content-wrapper { padding:20px 20px 20px 20px; }\n\t\t\n\t\t\t\t.childs-2col #childs article { float:none !important; vertical-align:top }\n\t\t\t\tul.extrait { display:flex; flex-basis: auto; flex-grow: 1; list-style: none; padding-left: 0px !important; vertical-align: top; text-align: center }\n\t\t\t\tul.extrait li { width: calc(100% \/ 3); min-width: 92px; text-align: center; font-size: 15px; border-right: 1px solid rgba(0,0,0,0.15); padding: 8px 4px; line-height: 1.3em; display: inline-block; vertical-align:top; margin:0 auto }\n\t\t\t\tul.extrait li:last-of-type { border:none }\n\t\t\t\tul.extrait span { width: 100%; text-align: center; font-size: 26px; display: inline-block; line-height: 1em; color:#8ABB00 !important }\n\t\t\t\tul.extrait span small { font-size:19px }\n\t\t\t\t@media screen and (max-width: 1300px) {\n\t\t\t\t\t#childs.fusion-blog-layout-grid.fusion-blog-layout-grid-4 .post { width:33% !important }\n\t\t\t\t}\n\t\t\t\t@media screen and (max-width: 1100px) {\n\t\t\t\t\t#childs.fusion-blog-layout-grid.fusion-blog-layout-grid-3 .post, #childs.fusion-blog-layout-grid.fusion-blog-layout-grid-4 .post { width:50% !important }\n\t\t\t\t}\n\t\t\t\t@media screen and (max-width: 800px)  {\n\t\t\t\t\t#childs.fusion-blog-layout-grid.fusion-blog-layout-grid-3 .post, #childs.fusion-blog-layout-grid.fusion-blog-layout-grid-4 .post { width:100% !important }\n\t\t\t\t}\n\t\t\t\t@media screen and (max-width: 768px)  {\n\t\t\t\t\t#childs .fusion-post-content-wrapper { padding:15px 0 0 0 !important }\n\t\t\t\t\t#childs .fusion-post-content-wrapper p { padding:15px !important }\t\t\t\n\t\t\t\t}\n\t\t\t<\/style>\n\t\t\t        <div id=\"childs\" class=\"fusion-posts-container fusion-posts-container-no fusion-blog-layout-grid fusion-blog-layout-grid-3 isotope\" data-pages=\"1\" data-grid-col-space=\"20\">\n\t\t\t\t\t\t\t<article id=\"post-957\" class=\"fusion-post-grid post-957 post type-post format-gallery has-post-thumbnail post_format-post-format-gallery\">\n\t\t\t\t\t<div class=\"fusion-post-wrapper\" data-postid=\"957\">\t\n\t\t\t\t\t\t<a href=\"https:\/\/www.lamarette.com\/de\/der-campingplatz\/diensten\/\" title=\"Diensten\"><img decoding=\"async\" width=\"1350\" height=\"900\" src=\"https:\/\/www.lamarette.com\/wp-content\/uploads\/reception-01.jpg\" class=\"attachment-600 size-600\" alt=\"Die Rezeption des Campingplatzes\" srcset=\"https:\/\/www.lamarette.com\/wp-content\/uploads\/reception-01-200x133.jpg 200w, https:\/\/www.lamarette.com\/wp-content\/uploads\/reception-01-300x200.jpg 300w, https:\/\/www.lamarette.com\/wp-content\/uploads\/reception-01-400x267.jpg 400w, https:\/\/www.lamarette.com\/wp-content\/uploads\/reception-01-600x400.jpg 600w, https:\/\/www.lamarette.com\/wp-content\/uploads\/reception-01-768x512.jpg 768w, https:\/\/www.lamarette.com\/wp-content\/uploads\/reception-01-800x533.jpg 800w, https:\/\/www.lamarette.com\/wp-content\/uploads\/reception-01-1024x683.jpg 1024w, https:\/\/www.lamarette.com\/wp-content\/uploads\/reception-01-1200x800.jpg 1200w, https:\/\/www.lamarette.com\/wp-content\/uploads\/reception-01.jpg 1350w\" sizes=\"(max-width: 1350px) 100vw, 1350px\" \/><\/a>\n\t\t\t\t\t\t<div class=\"fusion-post-content-wrapper\">\n\t\t\t\t\t\t\t<div class=\"fusion-post-content post-content\">\n\t\t\t\t\t\t\t\t<h2 class=\"blog-shortcode-post-title entry-title\"><a href=\"https:\/\/www.lamarette.com\/de\/der-campingplatz\/diensten\/\" title=\"Diensten\">Diensten<\/a><\/h2>\n\t\t\t\t\t\t\t\t<div class=\"fusion-content-sep sep-double\"><\/div>\n                                <div class=\"col-match fusion-post-content-container\">\n                                    Dank zahlreicher Angebote vor Ort und in der N\u00e4he des Campingplatzes ist die Organisation Ihres Urlaubs besonders einfach.                                <\/div>\n\t\t\t\t\t\t\t<\/div>\n\t\t\t\t\t\t<\/div>\n\t\t\t\t\t\t<div class=\"fusion-clearfix\"><\/div>\n\t\t\t\t\t<\/div>\n\t\t\t\t<\/article>\n\t\t\t\t\t\t\t\t<article id=\"post-965\" class=\"fusion-post-grid post-965 post type-post format-gallery has-post-thumbnail post_format-post-format-gallery\">\n\t\t\t\t\t<div class=\"fusion-post-wrapper\" data-postid=\"965\">\t\n\t\t\t\t\t\t<a href=\"https:\/\/www.lamarette.com\/de\/der-campingplatz\/restaurant\/\" title=\"Restaurant\"><img decoding=\"async\" width=\"1350\" height=\"900\" src=\"https:\/\/www.lamarette.com\/wp-content\/uploads\/restaurant-05.jpg\" class=\"attachment-600 size-600\" alt=\"Das Campingrestaurant\" srcset=\"https:\/\/www.lamarette.com\/wp-content\/uploads\/restaurant-05-200x133.jpg 200w, https:\/\/www.lamarette.com\/wp-content\/uploads\/restaurant-05-300x200.jpg 300w, https:\/\/www.lamarette.com\/wp-content\/uploads\/restaurant-05-400x267.jpg 400w, https:\/\/www.lamarette.com\/wp-content\/uploads\/restaurant-05-600x400.jpg 600w, https:\/\/www.lamarette.com\/wp-content\/uploads\/restaurant-05-768x512.jpg 768w, https:\/\/www.lamarette.com\/wp-content\/uploads\/restaurant-05-800x533.jpg 800w, https:\/\/www.lamarette.com\/wp-content\/uploads\/restaurant-05-1024x683.jpg 1024w, https:\/\/www.lamarette.com\/wp-content\/uploads\/restaurant-05-1200x800.jpg 1200w, https:\/\/www.lamarette.com\/wp-content\/uploads\/restaurant-05.jpg 1350w\" sizes=\"(max-width: 1350px) 100vw, 1350px\" \/><\/a>\n\t\t\t\t\t\t<div class=\"fusion-post-content-wrapper\">\n\t\t\t\t\t\t\t<div class=\"fusion-post-content post-content\">\n\t\t\t\t\t\t\t\t<h2 class=\"blog-shortcode-post-title entry-title\"><a href=\"https:\/\/www.lamarette.com\/de\/der-campingplatz\/restaurant\/\" title=\"Restaurant\">Restaurant<\/a><\/h2>\n\t\t\t\t\t\t\t\t<div class=\"fusion-content-sep sep-double\"><\/div>\n                                <div class=\"col-match fusion-post-content-container\">\n                                    Snacks zum Mittag, den ganzen Tag lang Imbisse f\u00fcr den kleinen Hunger zwischendurch, Pizzas und Themenabende\u2026                                <\/div>\n\t\t\t\t\t\t\t<\/div>\n\t\t\t\t\t\t<\/div>\n\t\t\t\t\t\t<div class=\"fusion-clearfix\"><\/div>\n\t\t\t\t\t<\/div>\n\t\t\t\t<\/article>\n\t\t\t\t\t\t\t\t<article id=\"post-999\" class=\"fusion-post-grid post-999 post type-post format-gallery has-post-thumbnail post_format-post-format-gallery\">\n\t\t\t\t\t<div class=\"fusion-post-wrapper\" data-postid=\"999\">\t\n\t\t\t\t\t\t<a href=\"https:\/\/www.lamarette.com\/de\/der-campingplatz\/freizeitangebote\/\" title=\"Freizeitangebote\"><img decoding=\"async\" width=\"1350\" height=\"900\" src=\"https:\/\/www.lamarette.com\/wp-content\/uploads\/piscine-du-bas-03.jpg\" class=\"attachment-600 size-600\" alt=\"Campingplatz Schwimmbad mit Wasserrutsche\" srcset=\"https:\/\/www.lamarette.com\/wp-content\/uploads\/piscine-du-bas-03-200x133.jpg 200w, https:\/\/www.lamarette.com\/wp-content\/uploads\/piscine-du-bas-03-300x200.jpg 300w, https:\/\/www.lamarette.com\/wp-content\/uploads\/piscine-du-bas-03-400x267.jpg 400w, https:\/\/www.lamarette.com\/wp-content\/uploads\/piscine-du-bas-03-600x400.jpg 600w, https:\/\/www.lamarette.com\/wp-content\/uploads\/piscine-du-bas-03-768x512.jpg 768w, https:\/\/www.lamarette.com\/wp-content\/uploads\/piscine-du-bas-03-800x533.jpg 800w, https:\/\/www.lamarette.com\/wp-content\/uploads\/piscine-du-bas-03-1024x683.jpg 1024w, https:\/\/www.lamarette.com\/wp-content\/uploads\/piscine-du-bas-03-1200x800.jpg 1200w, https:\/\/www.lamarette.com\/wp-content\/uploads\/piscine-du-bas-03.jpg 1350w\" sizes=\"(max-width: 1350px) 100vw, 1350px\" \/><\/a>\n\t\t\t\t\t\t<div class=\"fusion-post-content-wrapper\">\n\t\t\t\t\t\t\t<div class=\"fusion-post-content post-content\">\n\t\t\t\t\t\t\t\t<h2 class=\"blog-shortcode-post-title entry-title\"><a href=\"https:\/\/www.lamarette.com\/de\/der-campingplatz\/freizeitangebote\/\" title=\"Freizeitangebote\">Freizeitangebote<\/a><\/h2>\n\t\t\t\t\t\t\t\t<div class=\"fusion-content-sep sep-double\"><\/div>\n                                <div class=\"col-match fusion-post-content-container\">\n                                    2 Schwimmb\u00e4der, Wasserrutschen, Spiele f\u00fcr Gro\u00df und Klein, Animationen, Turniere und nicht zu vergessen all die sportlichen und kulturellen Aktivit\u00e4ten in der N\u00e4he des Campingplatzes !                                <\/div>\n\t\t\t\t\t\t\t<\/div>\n\t\t\t\t\t\t<\/div>\n\t\t\t\t\t\t<div class=\"fusion-clearfix\"><\/div>\n\t\t\t\t\t<\/div>\n\t\t\t\t<\/article>\n\t\t\t\t\t\t\t\t<article id=\"post-6082\" class=\"fusion-post-grid post-6082 post type-post format-gallery has-post-thumbnail post_format-post-format-gallery\">\n\t\t\t\t\t<div class=\"fusion-post-wrapper\" data-postid=\"6082\">\t\n\t\t\t\t\t\t<a href=\"https:\/\/www.lamarette.com\/de\/der-campingplatz\/sport-und-freizeitangebote\/\" title=\"Sport- und Freizeitangebote\"><img decoding=\"async\" width=\"1400\" height=\"987\" src=\"https:\/\/www.lamarette.com\/wp-content\/uploads\/camping-activites.jpg\" class=\"attachment-600 size-600\" alt=\"Aktivit\u00e4ten\" srcset=\"https:\/\/www.lamarette.com\/wp-content\/uploads\/camping-activites-200x141.jpg 200w, https:\/\/www.lamarette.com\/wp-content\/uploads\/camping-activites-300x212.jpg 300w, https:\/\/www.lamarette.com\/wp-content\/uploads\/camping-activites-400x282.jpg 400w, https:\/\/www.lamarette.com\/wp-content\/uploads\/camping-activites-600x423.jpg 600w, https:\/\/www.lamarette.com\/wp-content\/uploads\/camping-activites-768x541.jpg 768w, https:\/\/www.lamarette.com\/wp-content\/uploads\/camping-activites-800x564.jpg 800w, https:\/\/www.lamarette.com\/wp-content\/uploads\/camping-activites-1024x722.jpg 1024w, https:\/\/www.lamarette.com\/wp-content\/uploads\/camping-activites-1200x846.jpg 1200w, https:\/\/www.lamarette.com\/wp-content\/uploads\/camping-activites.jpg 1400w\" sizes=\"(max-width: 1400px) 100vw, 1400px\" \/><\/a>\n\t\t\t\t\t\t<div class=\"fusion-post-content-wrapper\">\n\t\t\t\t\t\t\t<div class=\"fusion-post-content post-content\">\n\t\t\t\t\t\t\t\t<h2 class=\"blog-shortcode-post-title entry-title\"><a href=\"https:\/\/www.lamarette.com\/de\/der-campingplatz\/sport-und-freizeitangebote\/\" title=\"Sport- und Freizeitangebote\">Sport- und Freizeitangebote<\/a><\/h2>\n\t\t\t\t\t\t\t\t<div class=\"fusion-content-sep sep-double\"><\/div>\n                                <div class=\"col-match fusion-post-content-container\">\n                                    In unserem beschaulichen, aber lebendigen Urlaubsort erwartet Sie w\u00e4hrend der gesamten Saison ein umfangreiches Unterhaltungsangebot.                                <\/div>\n\t\t\t\t\t\t\t<\/div>\n\t\t\t\t\t\t<\/div>\n\t\t\t\t\t\t<div class=\"fusion-clearfix\"><\/div>\n\t\t\t\t\t<\/div>\n\t\t\t\t<\/article>\n\t\t\t\t\t\t\t\t<article id=\"post-6093\" class=\"fusion-post-grid post-6093 post type-post format-gallery has-post-thumbnail post_format-post-format-gallery\">\n\t\t\t\t\t<div class=\"fusion-post-wrapper\" data-postid=\"6093\">\t\n\t\t\t\t\t\t<a href=\"https:\/\/www.lamarette.com\/de\/der-campingplatz\/tiere\/\" title=\"Tiere\"><img decoding=\"async\" width=\"1400\" height=\"987\" src=\"https:\/\/www.lamarette.com\/wp-content\/uploads\/camping-animaux.jpg\" class=\"attachment-600 size-600\" alt=\"Tiere\" srcset=\"https:\/\/www.lamarette.com\/wp-content\/uploads\/camping-animaux-200x141.jpg 200w, https:\/\/www.lamarette.com\/wp-content\/uploads\/camping-animaux-300x212.jpg 300w, https:\/\/www.lamarette.com\/wp-content\/uploads\/camping-animaux-400x282.jpg 400w, https:\/\/www.lamarette.com\/wp-content\/uploads\/camping-animaux-600x423.jpg 600w, https:\/\/www.lamarette.com\/wp-content\/uploads\/camping-animaux-768x541.jpg 768w, https:\/\/www.lamarette.com\/wp-content\/uploads\/camping-animaux-800x564.jpg 800w, https:\/\/www.lamarette.com\/wp-content\/uploads\/camping-animaux-1024x722.jpg 1024w, https:\/\/www.lamarette.com\/wp-content\/uploads\/camping-animaux-1200x846.jpg 1200w, https:\/\/www.lamarette.com\/wp-content\/uploads\/camping-animaux.jpg 1400w\" sizes=\"(max-width: 1400px) 100vw, 1400px\" \/><\/a>\n\t\t\t\t\t\t<div class=\"fusion-post-content-wrapper\">\n\t\t\t\t\t\t\t<div class=\"fusion-post-content post-content\">\n\t\t\t\t\t\t\t\t<h2 class=\"blog-shortcode-post-title entry-title\"><a href=\"https:\/\/www.lamarette.com\/de\/der-campingplatz\/tiere\/\" title=\"Tiere\">Tiere<\/a><\/h2>\n\t\t\t\t\t\t\t\t<div class=\"fusion-content-sep sep-double\"><\/div>\n                                <div class=\"col-match fusion-post-content-container\">\n                                    La Marette wurde mit dem G\u00fctesiegel f\u00fcr Hundefreundlichkeit \u201eQualidog\u201c und 2 Hundeschnauzen ausgezeichnet und freut sich auf Ihre Hunde und andere Haustiere ...                                <\/div>\n\t\t\t\t\t\t\t<\/div>\n\t\t\t\t\t\t<\/div>\n\t\t\t\t\t\t<div class=\"fusion-clearfix\"><\/div>\n\t\t\t\t\t<\/div>\n\t\t\t\t<\/article>\n\t\t\t\t\t\t\t\t<article id=\"post-6096\" class=\"fusion-post-grid post-6096 post type-post format-gallery has-post-thumbnail post_format-post-format-gallery\">\n\t\t\t\t\t<div class=\"fusion-post-wrapper\" data-postid=\"6096\">\t\n\t\t\t\t\t\t<a href=\"https:\/\/www.lamarette.com\/de\/der-campingplatz\/qualitaet-umwelt\/\" title=\"Qualit\u00e4t &#038; Umwelt\"><img decoding=\"async\" width=\"1400\" height=\"987\" src=\"https:\/\/www.lamarette.com\/wp-content\/uploads\/camping-environnement.jpg\" class=\"attachment-600 size-600\" alt=\"Umfeld\" srcset=\"https:\/\/www.lamarette.com\/wp-content\/uploads\/camping-environnement-200x141.jpg 200w, https:\/\/www.lamarette.com\/wp-content\/uploads\/camping-environnement-300x212.jpg 300w, https:\/\/www.lamarette.com\/wp-content\/uploads\/camping-environnement-400x282.jpg 400w, https:\/\/www.lamarette.com\/wp-content\/uploads\/camping-environnement-600x423.jpg 600w, https:\/\/www.lamarette.com\/wp-content\/uploads\/camping-environnement-768x541.jpg 768w, https:\/\/www.lamarette.com\/wp-content\/uploads\/camping-environnement-800x564.jpg 800w, https:\/\/www.lamarette.com\/wp-content\/uploads\/camping-environnement-1024x722.jpg 1024w, https:\/\/www.lamarette.com\/wp-content\/uploads\/camping-environnement-1200x846.jpg 1200w, https:\/\/www.lamarette.com\/wp-content\/uploads\/camping-environnement.jpg 1400w\" sizes=\"(max-width: 1400px) 100vw, 1400px\" \/><\/a>\n\t\t\t\t\t\t<div class=\"fusion-post-content-wrapper\">\n\t\t\t\t\t\t\t<div class=\"fusion-post-content post-content\">\n\t\t\t\t\t\t\t\t<h2 class=\"blog-shortcode-post-title entry-title\"><a href=\"https:\/\/www.lamarette.com\/de\/der-campingplatz\/qualitaet-umwelt\/\" title=\"Qualit\u00e4t &#038; Umwelt\">Qualit\u00e4t &#038; Umwelt<\/a><\/h2>\n\t\t\t\t\t\t\t\t<div class=\"fusion-content-sep sep-double\"><\/div>\n                                <div class=\"col-match fusion-post-content-container\">\n                                    Wir begr\u00fc\u00dfen Sie in der s\u00fcdlichen Ard\u00e8che in einer besonders reizvollen Umgebung, daher legen wir gro\u00dfen Wert auf den Schutz unserer Umwelt!                                <\/div>\n\t\t\t\t\t\t\t<\/div>\n\t\t\t\t\t\t<\/div>\n\t\t\t\t\t\t<div class=\"fusion-clearfix\"><\/div>\n\t\t\t\t\t<\/div>\n\t\t\t\t<\/article>\n\t\t\t\t        <\/div>\n        <script>\n        (function() {\n\t\t\tfunction childsSameHeight(){\n\t\t\t\tjQuery('#childs p').matchHeight();\n\t\t\t}\n\t\t\tjQuery(window).on(\"resize\", childsSameHeight);\n\t\t\tjQuery(document).on(\"ready\", childsSameHeight);\n\t\t\tjQuery(window).on(\"load\", childsSameHeight);\n\t\t})();\n        <\/script>\n\t\t<div class=\"fusion-clearfix\"><\/div><\/div><\/div><\/div><\/div>\n","protected":false},"excerpt":{"rendered":"","protected":false},"author":1,"featured_media":0,"parent":0,"menu_order":0,"comment_status":"closed","ping_status":"closed","template":"","meta":{"_acf_changed":false,"footnotes":""},"class_list":["post-946","page","type-page","status-publish","hentry"],"acf":[],"_links":{"self":[{"href":"https:\/\/www.lamarette.com\/de\/wp-json\/wp\/v2\/pages\/946","targetHints":{"allow":["GET"]}}],"collection":[{"href":"https:\/\/www.lamarette.com\/de\/wp-json\/wp\/v2\/pages"}],"about":[{"href":"https:\/\/www.lamarette.com\/de\/wp-json\/wp\/v2\/types\/page"}],"author":[{"embeddable":true,"href":"https:\/\/www.lamarette.com\/de\/wp-json\/wp\/v2\/users\/1"}],"replies":[{"embeddable":true,"href":"https:\/\/www.lamarette.com\/de\/wp-json\/wp\/v2\/comments?post=946"}],"version-history":[{"count":2,"href":"https:\/\/www.lamarette.com\/de\/wp-json\/wp\/v2\/pages\/946\/revisions"}],"predecessor-version":[{"id":1612,"href":"https:\/\/www.lamarette.com\/de\/wp-json\/wp\/v2\/pages\/946\/revisions\/1612"}],"wp:attachment":[{"href":"https:\/\/www.lamarette.com\/de\/wp-json\/wp\/v2\/media?parent=946"}],"curies":[{"name":"wp","href":"https:\/\/api.w.org\/{rel}","templated":true}]}}