{"id":942,"date":"2017-12-01T16:44:20","date_gmt":"2017-12-01T15:44:20","guid":{"rendered":"https:\/\/www.lamarette.com\/hebergements\/"},"modified":"2023-04-17T16:39:42","modified_gmt":"2023-04-17T14:39:42","slug":"unterkunfte","status":"publish","type":"page","link":"https:\/\/www.lamarette.com\/de\/unterkunfte\/","title":{"rendered":"Unterk\u00fcnfte"},"content":{"rendered":"<div class=\"fusion-fullwidth fullwidth-box fusion-builder-row-1 nonhundred-percent-fullwidth non-hundred-percent-height-scrolling\" style=\"background-color: rgba(255,255,255,0);background-position: center center;background-repeat: no-repeat;padding-top:0px;padding-right:0px;padding-bottom:0px;padding-left:0px;margin-bottom: 0px;margin-top: 0px;border-width: 0px 0px 0px 0px;border-color:#eae9e9;border-style:solid;\" ><div class=\"fusion-builder-row fusion-row\"><div class=\"fusion-layout-column fusion_builder_column fusion-builder-column-0 fusion_builder_column_1_1 1_1 fusion-one-full fusion-column-first fusion-column-last\" style=\"margin-top:0px;margin-bottom:20px;\"><div class=\"fusion-column-wrapper fusion-flex-column-wrapper-legacy\" style=\"background-position:left top;background-repeat:no-repeat;-webkit-background-size:cover;-moz-background-size:cover;-o-background-size:cover;background-size:cover;padding: 0px 0px 0px 0px;\"><div class=\"fusion-text fusion-text-1\" style=\"transform:translate3d(0,0,0);\"><p style=\"text-align: center;\">Die <strong>Ard\u00e8che<\/strong> ist ein f\u00fchrendes Reiseziel f\u00fcr Urlauber, die es vorziehen, im Herzen der <strong>Natur<\/strong> zu bleiben! Abschalten garantiert!<\/p>\n<p style=\"text-align: center;\">La Marette bietet eine gro\u00dfe Auswahl an <strong>Unterk\u00fcnften<\/strong> f\u00fcr jeden Geschmack und jeden Geldbeutel. Gro\u00dfe schattige <strong>Stellpl\u00e4tze<\/strong> f\u00fcr Camper und mehrere Angebote mit freiem Zugang zu unserem beheizten Schwimmbad&#8230;<\/p>\n<p style=\"text-align: center;\">20 Chalets, 2 Wohnwagen, 25 Cottages und 52 Stellpl\u00e4tze verteilen sich auf 4,5 Hektar terrassenf\u00f6rmig angelegter Gr\u00fcnfl\u00e4che am Hang des Tanargue-Gebirges.<\/p>\n<p style=\"text-align: center;\">Sie m\u00fcssen nur die Art von Urlaub w\u00e4hlen, die Sie lieben, um einen gelungenen Aufenthalt in der Ard\u00e8che zu erleben!<\/p>\n<\/div><div class=\"fusion-clearfix\"><\/div><\/div><\/div><div class=\"fusion-layout-column fusion_builder_column fusion-builder-column-1 fusion_builder_column_1_1 1_1 fusion-one-full fusion-column-first fusion-column-last\" style=\"margin-top:0px;margin-bottom:20px;\"><div class=\"fusion-column-wrapper fusion-flex-column-wrapper-legacy\" style=\"background-position:left top;background-repeat:no-repeat;-webkit-background-size:cover;-moz-background-size:cover;-o-background-size:cover;background-size:cover;padding: 0px 0px 0px 0px;\"><style type=\"text\/css\"><\/style><div class=\"fusion-title title fusion-title-1 fusion-sep-none fusion-title-text fusion-title-size-two\" style=\"margin-top:0px;margin-bottom:31px;\"><h2 class=\"title-heading-left\" style=\"margin:0;\">Unsere Mietunterk\u00fcnfte<\/h2><\/div><div class=\"fusion-text fusion-text-2\" style=\"transform:translate3d(0,0,0);\"><p>Wir bieten 5 verschiedene Mobilheimkategorien an: Classique, Confort, Privil\u00e8ge, Premium et Insolite. Finden Sie die passende Mietunterkunft f\u00fcr Ihre Anforderungen. W\u00e4hlen Sie aus komfortablen Unterk\u00fcnften mit 2 bis 3 Schlafzimmern, f\u00fcr 2 bis 6 Personen und mit Terrasse, die sich auch ideal f\u00fcr einen Familienurlaub eignen.<\/p>\n<p>Bitte beachten Sie f\u00fcr alle unsere Mobilheime:<\/p>\n<ul>\n<li>Haustiere sind erlaubt (Hunde der Kategorien 1 und 2 sind jedoch nicht zul\u00e4ssig).<\/li>\n<li>Bettw\u00e4sche wird nicht gestellt, au\u00dfer in den Cottages der Kategorien Privil\u00e8ge und Premium (es besteht die M\u00f6glichkeit, Bettw\u00e4schesets aus Baumwolle zu mieten (10 \u20ac\/Bett)).<\/li>\n<\/ul>\n<\/div><div class=\"fusion-clearfix\"><\/div><\/div><\/div><div class=\"fusion-layout-column fusion_builder_column fusion-builder-column-2 fusion_builder_column_1_1 1_1 fusion-one-full fusion-column-first fusion-column-last\" style=\"margin-top:0px;margin-bottom:20px;\"><div class=\"fusion-column-wrapper fusion-flex-column-wrapper-legacy\" style=\"background-position:left top;background-repeat:no-repeat;-webkit-background-size:cover;-moz-background-size:cover;-o-background-size:cover;background-size:cover;padding: 0px 0px 0px 0px;\"><style type=\"text\/css\"><\/style><div class=\"fusion-title title fusion-title-2 fusion-sep-none fusion-title-text fusion-title-size-two\" style=\"margin-top:0px;margin-bottom:31px;\"><h2 class=\"title-heading-left\" style=\"margin:0;\">Unsere Stellpl\u00e4tze<\/h2><\/div><div class=\"fusion-text fusion-text-3\" style=\"transform:translate3d(0,0,0);\"><p>Unsere Komfort-Stellpl\u00e4tze liegen inmitten eines Eichen- und Douglasienwaldes im Halbschatten oder Schatten, der ideale Rahmen f\u00fcr alle Naturliebhaber.<\/p>\n<p>Bauen Sie einfach Ihr Zelt auf oder stellen Sie Ihr Wohnmobil oder Ihren Wohnwagen auf und genie\u00dfen Sie die Sonne der Ard\u00e8che.<\/p>\n<p>Einige sind etwas gr\u00f6\u00dfer, andere liegen n\u00e4her am Pool oder den Spielpl\u00e4tzen oder befinden sich in etwas ruhigerer Lage.<\/p>\n<\/div><div class=\"fusion-clearfix\"><\/div><\/div><\/div><div class=\"fusion-layout-column fusion_builder_column fusion-builder-column-3 fusion_builder_column_1_1 1_1 fusion-one-full fusion-column-first fusion-column-last childs-2col\" style=\"margin-top:0px;margin-bottom:20px;\"><div class=\"fusion-column-wrapper fusion-flex-column-wrapper-legacy\" style=\"background-position:left top;background-repeat:no-repeat;-webkit-background-size:cover;-moz-background-size:cover;-o-background-size:cover;background-size:cover;padding: 0px 0px 0px 0px;\"><div class=\"fusion-sep-clear\"><\/div><div class=\"fusion-separator fusion-full-width-sep\" style=\"margin-left: auto;margin-right: auto;margin-top:30px;width:100%;\"><\/div><div class=\"fusion-sep-clear\"><\/div>\t\t\t<style>\n\t\t\t\t#childs { max-width:1200px; margin:0 auto; text-align:center }\t\t\t\t#childs .fusion-post-grid { padding: 10px; }\n\t\t\t\t#childs .fusion-post-grid h2 { text-align:left; margin-top:0 !important; margin-bottom:0 !important; border:none }\n\t\t\t\t#childs .fusion-post-grid h2 a { text-decoration:none !important; color:#8ABB00 !important; }\n\t\t\t\t#childs .fusion-post-grid h2 a:hover { text-decoration:underline; }\n\t\t\t\t#childs .fusion-content-sep { margin-top:10px }\n\t\t\t\t#childs .fusion-post-grid p { font-size:0.85em; color:#333; text-align:justify !important; margin-bottom:20px; }\n\t\t\t\t#childs .fusion-post-grid .fusion-post-content-wrapper { padding:20px 20px 20px 20px; }\n\t\t\n\t\t\t\t.childs-2col #childs article { float:none !important; vertical-align:top }\n\t\t\t\tul.extrait { display:flex; flex-basis: auto; flex-grow: 1; list-style: none; padding-left: 0px !important; vertical-align: top; text-align: center }\n\t\t\t\tul.extrait li { width: calc(100% \/ 3); min-width: 92px; text-align: center; font-size: 15px; border-right: 1px solid rgba(0,0,0,0.15); padding: 8px 4px; line-height: 1.3em; display: inline-block; vertical-align:top; margin:0 auto }\n\t\t\t\tul.extrait li:last-of-type { border:none }\n\t\t\t\tul.extrait span { width: 100%; text-align: center; font-size: 26px; display: inline-block; line-height: 1em; color:#8ABB00 !important }\n\t\t\t\tul.extrait span small { font-size:19px }\n\t\t\t\t@media screen and (max-width: 1300px) {\n\t\t\t\t\t#childs.fusion-blog-layout-grid.fusion-blog-layout-grid-4 .post { width:33% !important }\n\t\t\t\t}\n\t\t\t\t@media screen and (max-width: 1100px) {\n\t\t\t\t\t#childs.fusion-blog-layout-grid.fusion-blog-layout-grid-3 .post, #childs.fusion-blog-layout-grid.fusion-blog-layout-grid-4 .post { width:50% !important }\n\t\t\t\t}\n\t\t\t\t@media screen and (max-width: 800px)  {\n\t\t\t\t\t#childs.fusion-blog-layout-grid.fusion-blog-layout-grid-3 .post, #childs.fusion-blog-layout-grid.fusion-blog-layout-grid-4 .post { width:100% !important }\n\t\t\t\t}\n\t\t\t\t@media screen and (max-width: 768px)  {\n\t\t\t\t\t#childs .fusion-post-content-wrapper { padding:15px 0 0 0 !important }\n\t\t\t\t\t#childs .fusion-post-content-wrapper p { padding:15px !important }\t\t\t\n\t\t\t\t}\n\t\t\t<\/style>\n\t\t\t        <div id=\"childs\" class=\"fusion-posts-container fusion-posts-container-no fusion-blog-layout-grid fusion-blog-layout-grid-3 isotope\" data-pages=\"1\" data-grid-col-space=\"20\">\n\t\t\t\t\t\t\t<article id=\"post-4290\" class=\"fusion-post-grid post-4290 post type-post format-gallery has-post-thumbnail post_format-post-format-gallery\">\n\t\t\t\t\t<div class=\"fusion-post-wrapper\" data-postid=\"4290\">\t\n\t\t\t\t\t\t<a href=\"https:\/\/www.lamarette.com\/de\/unterkunfte\/stellplatze\/\" title=\"Unsere Stellpl\u00e4tze\"><img decoding=\"async\" width=\"500\" height=\"339\" src=\"https:\/\/www.lamarette.com\/wp-content\/uploads\/first-emplacements.jpg\" class=\"attachment-600 size-600\" alt=\"Stellpl\u00e4tze\" \/><\/a>\n\t\t\t\t\t\t<div class=\"fusion-post-content-wrapper\">\n\t\t\t\t\t\t\t<div class=\"fusion-post-content post-content\">\n\t\t\t\t\t\t\t\t<h2 class=\"blog-shortcode-post-title entry-title\"><a href=\"https:\/\/www.lamarette.com\/de\/unterkunfte\/stellplatze\/\" title=\"Unsere Stellpl\u00e4tze\">Unsere Stellpl\u00e4tze<\/a><\/h2>\n\t\t\t\t\t\t\t\t<div class=\"fusion-content-sep sep-double\"><\/div>\n                                <div class=\"col-match fusion-post-content-container\">\n                                    Traditionelles Campen gef\u00e4llt Ihnen am besten ? Dann k\u00f6nnen Sie aus unse-ren Stellpl\u00e4tzen f\u00fcr Ihr Zelt, Ihren Wohnwagen oder Ihr Wohnmobil ausw\u00e4h-len.                                <\/div>\n\t\t\t\t\t\t\t<\/div>\n\t\t\t\t\t\t<\/div>\n\t\t\t\t\t\t<div class=\"fusion-clearfix\"><\/div>\n\t\t\t\t\t<\/div>\n\t\t\t\t<\/article>\n\t\t\t\t\t\t\t\t<article id=\"post-4888\" class=\"fusion-post-grid post-4888 post type-post format-gallery has-post-thumbnail post_format-post-format-gallery\">\n\t\t\t\t\t<div class=\"fusion-post-wrapper\" data-postid=\"4888\">\t\n\t\t\t\t\t\t<a href=\"https:\/\/www.lamarette.com\/de\/unterkunfte\/vermietung\/\" title=\"Vermietung\"><img decoding=\"async\" width=\"500\" height=\"339\" src=\"https:\/\/www.lamarette.com\/wp-content\/uploads\/first-chalets.jpg\" class=\"attachment-600 size-600\" alt=\"Chalets\" \/><\/a>\n\t\t\t\t\t\t<div class=\"fusion-post-content-wrapper\">\n\t\t\t\t\t\t\t<div class=\"fusion-post-content post-content\">\n\t\t\t\t\t\t\t\t<h2 class=\"blog-shortcode-post-title entry-title\"><a href=\"https:\/\/www.lamarette.com\/de\/unterkunfte\/vermietung\/\" title=\"Vermietung\">Vermietung<\/a><\/h2>\n\t\t\t\t\t\t\t\t<div class=\"fusion-content-sep sep-double\"><\/div>\n                                <div class=\"col-match fusion-post-content-container\">\n                                    Wir bieten eine breite Palette von Unterk\u00fcnften f\u00fcr 2 bis 6 Personen.                                <\/div>\n\t\t\t\t\t\t\t<\/div>\n\t\t\t\t\t\t<\/div>\n\t\t\t\t\t\t<div class=\"fusion-clearfix\"><\/div>\n\t\t\t\t\t<\/div>\n\t\t\t\t<\/article>\n\t\t\t\t        <\/div>\n        <script>\n        (function() {\n\t\t\tfunction childsSameHeight(){\n\t\t\t\tjQuery('#childs p').matchHeight();\n\t\t\t}\n\t\t\tjQuery(window).on(\"resize\", childsSameHeight);\n\t\t\tjQuery(document).on(\"ready\", childsSameHeight);\n\t\t\tjQuery(window).on(\"load\", childsSameHeight);\n\t\t})();\n        <\/script>\n\t\t<div class=\"fusion-clearfix\"><\/div><\/div><\/div><\/div><\/div>\n","protected":false},"excerpt":{"rendered":"","protected":false},"author":1,"featured_media":0,"parent":0,"menu_order":0,"comment_status":"closed","ping_status":"closed","template":"","meta":{"_acf_changed":false,"footnotes":""},"class_list":["post-942","page","type-page","status-publish","hentry"],"acf":[],"_links":{"self":[{"href":"https:\/\/www.lamarette.com\/de\/wp-json\/wp\/v2\/pages\/942","targetHints":{"allow":["GET"]}}],"collection":[{"href":"https:\/\/www.lamarette.com\/de\/wp-json\/wp\/v2\/pages"}],"about":[{"href":"https:\/\/www.lamarette.com\/de\/wp-json\/wp\/v2\/types\/page"}],"author":[{"embeddable":true,"href":"https:\/\/www.lamarette.com\/de\/wp-json\/wp\/v2\/users\/1"}],"replies":[{"embeddable":true,"href":"https:\/\/www.lamarette.com\/de\/wp-json\/wp\/v2\/comments?post=942"}],"version-history":[{"count":6,"href":"https:\/\/www.lamarette.com\/de\/wp-json\/wp\/v2\/pages\/942\/revisions"}],"predecessor-version":[{"id":6105,"href":"https:\/\/www.lamarette.com\/de\/wp-json\/wp\/v2\/pages\/942\/revisions\/6105"}],"wp:attachment":[{"href":"https:\/\/www.lamarette.com\/de\/wp-json\/wp\/v2\/media?parent=942"}],"curies":[{"name":"wp","href":"https:\/\/api.w.org\/{rel}","templated":true}]}}