{"id":6093,"date":"2023-04-11T15:00:48","date_gmt":"2023-04-11T13:00:48","guid":{"rendered":"https:\/\/www.lamarette.com\/der-campingplatz\/les-animaux\/"},"modified":"2023-04-18T09:54:27","modified_gmt":"2023-04-18T07:54:27","slug":"tiere","status":"publish","type":"page","link":"https:\/\/www.lamarette.com\/de\/der-campingplatz\/tiere\/","title":{"rendered":"Tiere"},"content":{"rendered":"<div class=\"fusion-fullwidth fullwidth-box fusion-builder-row-1 fusion-flex-container nonhundred-percent-fullwidth non-hundred-percent-height-scrolling\" style=\"background-color: rgba(255,255,255,0);background-position: center center;background-repeat: no-repeat;border-width: 0px 0px 0px 0px;border-color:#eae9e9;border-style:solid;\" ><div class=\"fusion-builder-row fusion-row fusion-flex-align-items-center\" style=\"max-width:1664px;margin-left: calc(-4% \/ 2 );margin-right: calc(-4% \/ 2 );\"><div class=\"fusion-layout-column fusion_builder_column fusion-builder-column-0 fusion_builder_column_1_4 1_4 fusion-flex-column\"><div class=\"fusion-column-wrapper fusion-flex-justify-content-flex-start fusion-content-layout-column\" style=\"background-position:left top;background-repeat:no-repeat;-webkit-background-size:cover;-moz-background-size:cover;-o-background-size:cover;background-size:cover;padding: 0px 0px 0px 0px;\"><div style=\"text-align:center;\"><span class=\" fusion-imageframe imageframe-none imageframe-1 hover-type-none\"><a href=\"https:\/\/www.lamarette.com\/wp-content\/uploads\/camping-animaux.jpg\" class=\"fusion-lightbox\" data-rel=\"iLightbox[b077229cf5e852ae174]\" data-title=\"Tiere\" title=\"Tiere\"><img decoding=\"async\" width=\"400\" height=\"282\" alt=\"Tiere\" src=\"https:\/\/www.lamarette.com\/wp-content\/uploads\/camping-animaux-400x282.jpg\" class=\"img-responsive wp-image-5637\" srcset=\"https:\/\/www.lamarette.com\/wp-content\/uploads\/camping-animaux-200x141.jpg 200w, https:\/\/www.lamarette.com\/wp-content\/uploads\/camping-animaux-400x282.jpg 400w, https:\/\/www.lamarette.com\/wp-content\/uploads\/camping-animaux-600x423.jpg 600w, https:\/\/www.lamarette.com\/wp-content\/uploads\/camping-animaux-800x564.jpg 800w, https:\/\/www.lamarette.com\/wp-content\/uploads\/camping-animaux-1200x846.jpg 1200w, https:\/\/www.lamarette.com\/wp-content\/uploads\/camping-animaux.jpg 1400w\" sizes=\"(max-width: 1024px) 100vw, (max-width: 640px) 100vw, 400px\" \/><\/a><\/span><\/div><\/div><\/div><style type=\"text\/css\">.fusion-body .fusion-builder-column-0{width:25% !important;margin-top : 0px;margin-bottom : 20px;}.fusion-builder-column-0 > .fusion-column-wrapper {padding-top : 0px !important;padding-right : 0px !important;margin-right : 7.68%;padding-bottom : 0px !important;padding-left : 0px !important;margin-left : 7.68%;}@media only screen and (max-width:1024px) {.fusion-body .fusion-builder-column-0{width:100% !important;order : 0;}.fusion-builder-column-0 > .fusion-column-wrapper {margin-right : 1.92%;margin-left : 1.92%;}}@media only screen and (max-width:640px) {.fusion-body .fusion-builder-column-0{width:100% !important;order : 0;}.fusion-builder-column-0 > .fusion-column-wrapper {margin-right : 1.92%;margin-left : 1.92%;}}<\/style><div class=\"fusion-layout-column fusion_builder_column fusion-builder-column-1 fusion_builder_column_3_4 3_4 fusion-flex-column\"><div class=\"fusion-column-wrapper fusion-flex-justify-content-flex-start fusion-content-layout-column\" style=\"background-position:left top;background-repeat:no-repeat;-webkit-background-size:cover;-moz-background-size:cover;-o-background-size:cover;background-size:cover;padding: 0px 0px 0px 0px;\"><div class=\"fusion-text fusion-text-1\" style=\"transform:translate3d(0,0,0);\"><p><strong class=\"txt-vert\">F\u00fcr Ihre vierbeinigen Freunde <\/strong>brauchen Sie k\u00fcnftig keine Betreuung mehr in \u00fcberf\u00fcllten Tierpensionen zu organisieren! Genie\u00dfen Sie Ihren Urlaub mit der ganzen Familie! Denn auch Ihre Haustiere sind auf dem Campingplatz La Marette in der Ard\u00e8che herzlich willkommen, sowohl auf den Stellpl\u00e4tzen als auch in den Mobilheimen. Aufgrund der geltenden Gesetzgebung gibt es zwar Einschr\u00e4nkungen bez\u00fcglich der Kategorien (Wach- und Kampfhunde), alle anderen Hunde werden sich jedoch schnell auf unserem weitl\u00e4ufigen und mit B\u00e4umen bewachsenen Gel\u00e4nde wie zu Hause f\u00fchlen!<\/p>\n<p>Auf dem Campingplatz La Marette sind Hunde nicht nur erlaubt, sondern gelten als vollwertige Urlaubsg\u00e4ste! Schon bei der Ankunft erwartet Ihren Hund ein kleines Leckerli und viele Streicheleinheiten. Wir stellen ihm auch unsere treuen Freunde <strong>Kawa<\/strong> und <strong>Yam<\/strong>, die Maskottchen des Campingplatzes, vor.<\/p>\n<p>Wenn sie nicht gerade auf Ihrem Stellplatz oder auf der Terrasse spielen, freuen sie sich bestimmt \u00fcber <strong>einen Waldspaziergang oder eine Wanderung auf den Wanderwegen des Tanargue<\/strong>, die direkt vom Campingplatz aus verlaufen. Was gibt es Sch\u00f6neres, als die frische Luft in vollen Z\u00fcgen zu schnuppern?<\/p>\n<p>Und da Ihr Hund auch ein Recht auf Freizeit hat, kann er sich im Agility-Park austoben, der den ganzen Tag \u00fcber nur f\u00fcr ihn ge\u00f6ffnet ist! Die Hunde auf dem Campingplatz lieben es, ein Agility-Training gemeinsam mit ihren Familien zu absolvieren! Danach l\u00e4dt der<strong> Fluss La Beaume<\/strong>, der nur wenige Minuten vom Campingplatz entfernt ist, zu einem erfrischenden Bad ein.<\/p>\n<\/div><\/div><\/div><style type=\"text\/css\">.fusion-body .fusion-builder-column-1{width:75% !important;margin-top : 0px;margin-bottom : 20px;}.fusion-builder-column-1 > .fusion-column-wrapper {padding-top : 0px !important;padding-right : 0px !important;margin-right : 2.56%;padding-bottom : 0px !important;padding-left : 0px !important;margin-left : 2.56%;}@media only screen and (max-width:1024px) {.fusion-body .fusion-builder-column-1{width:100% !important;order : 0;}.fusion-builder-column-1 > .fusion-column-wrapper {margin-right : 1.92%;margin-left : 1.92%;}}@media only screen and (max-width:640px) {.fusion-body .fusion-builder-column-1{width:100% !important;order : 0;}.fusion-builder-column-1 > .fusion-column-wrapper {margin-right : 1.92%;margin-left : 1.92%;}}<\/style><div class=\"fusion-layout-column fusion_builder_column fusion-builder-column-2 fusion_builder_column_3_4 3_4 fusion-flex-column\"><div class=\"fusion-column-wrapper fusion-flex-justify-content-flex-start fusion-content-layout-column\" style=\"background-position:left top;background-repeat:no-repeat;-webkit-background-size:cover;-moz-background-size:cover;-o-background-size:cover;background-size:cover;padding: 0px 0px 50px 0px;\"><div class=\"fusion-text fusion-text-2\" style=\"transform:translate3d(0,0,0);\"><p>Nach einem langen Tag voller Hundeaktivit\u00e4ten muss sich Ihr Hund erst einmal gr\u00fcndlich s\u00e4ubern &#8230; im Sanit\u00e4rbereich steht Ihnen hierf\u00fcr eine Hundedusche zur Verf\u00fcgung.<\/p>\n<p>An der Rezeption und im Restaurant finden Sie auch Wasserschalen, damit Ihr Hund an einem hei\u00dfen Sommertag in der Ard\u00e8che seinen Durst stillen kann.<\/p>\n<p>Sie d\u00fcrfen ihn auch gerne mit in die Bar und das Restaurant des Campingplatzes nehmen. Wir bitten Sie nur darum, ihn auf dem Campingplatz anzuleinen.<\/p>\n<p>Au\u00dferdem steht Ihnen ein ausgezeichneter Tierarzt zur Verf\u00fcgung, der sich um Ihren Hund k\u00fcmmern kann, falls dies einmal n\u00f6tig sein sollte &#8230;<\/p>\n<p>Wir freuen uns, Sie auf unserem <strong>hundefreundlichen<\/strong> Campingplatz begr\u00fc\u00dfen zu d\u00fcrfen, wo Sie mit Ihrer ganzen Familie einen einzigartigen Urlaub in der Ard\u00e8che in Joannas verbringen k\u00f6nnen!<\/p>\n<\/div><\/div><\/div><style type=\"text\/css\">.fusion-body .fusion-builder-column-2{width:75% !important;margin-top : 0px;margin-bottom : 20px;}.fusion-builder-column-2 > .fusion-column-wrapper {padding-top : 0px !important;padding-right : 0px !important;margin-right : 2.56%;padding-bottom : 50px !important;padding-left : 0px !important;margin-left : 2.56%;}@media only screen and (max-width:1024px) {.fusion-body .fusion-builder-column-2{width:100% !important;order : 0;}.fusion-builder-column-2 > .fusion-column-wrapper {margin-right : 1.92%;margin-left : 1.92%;}}@media only screen and (max-width:640px) {.fusion-body .fusion-builder-column-2{width:100% !important;order : 0;}.fusion-builder-column-2 > .fusion-column-wrapper {margin-right : 1.92%;margin-left : 1.92%;}}<\/style><div class=\"fusion-layout-column fusion_builder_column fusion-builder-column-3 fusion_builder_column_1_4 1_4 fusion-flex-column\"><div class=\"fusion-column-wrapper fusion-flex-justify-content-flex-start fusion-content-layout-column\" style=\"background-position:left top;background-repeat:no-repeat;-webkit-background-size:cover;-moz-background-size:cover;-o-background-size:cover;background-size:cover;padding: 0px 0px 0px 0px;\"><div style=\"text-align:center;\"><span class=\" fusion-imageframe imageframe-none imageframe-2 hover-type-none no-shadow\"><img decoding=\"async\" width=\"206\" height=\"154\" alt=\"Camping Pet Friendly\" title=\"Camping Pet Friendly\" src=\"https:\/\/www.lamarette.com\/wp-content\/uploads\/pet-friendly.jpg\" class=\"img-responsive wp-image-5705\" srcset=\"https:\/\/www.lamarette.com\/wp-content\/uploads\/pet-friendly-200x150.jpg 200w, https:\/\/www.lamarette.com\/wp-content\/uploads\/pet-friendly.jpg 206w\" sizes=\"(max-width: 1024px) 100vw, (max-width: 640px) 100vw, 206px\" \/><\/span><\/div><\/div><\/div><style type=\"text\/css\">.fusion-body .fusion-builder-column-3{width:25% !important;margin-top : 0px;margin-bottom : 20px;}.fusion-builder-column-3 > .fusion-column-wrapper {padding-top : 0px !important;padding-right : 0px !important;margin-right : 7.68%;padding-bottom : 0px !important;padding-left : 0px !important;margin-left : 7.68%;}@media only screen and (max-width:1024px) {.fusion-body .fusion-builder-column-3{width:100% !important;order : 0;}.fusion-builder-column-3 > .fusion-column-wrapper {margin-right : 1.92%;margin-left : 1.92%;}}@media only screen and (max-width:640px) {.fusion-body .fusion-builder-column-3{width:100% !important;order : 0;}.fusion-builder-column-3 > .fusion-column-wrapper {margin-right : 1.92%;margin-left : 1.92%;}}<\/style><div class=\"fusion-layout-column fusion_builder_column fusion-builder-column-4 fusion_builder_column_1_1 1_1 fusion-flex-column galerie galerie-3\"><div class=\"fusion-column-wrapper fusion-flex-justify-content-flex-start fusion-content-layout-column\" style=\"background-position:left top;background-repeat:no-repeat;-webkit-background-size:cover;-moz-background-size:cover;-o-background-size:cover;background-size:cover;padding: 0px 0px 0px 0px;\"><div style=\"text-align:center;\"><span class=\" fusion-imageframe imageframe-none imageframe-3 hover-type-none\"><a href=\"https:\/\/www.lamarette.com\/wp-content\/uploads\/animaux-12.jpg\" class=\"fusion-lightbox\" data-rel=\"iLightbox[dog]\" data-title=\"Tiere\" title=\"Tiere\"><img decoding=\"async\" width=\"600\" height=\"450\" alt=\"Tiere\" src=\"https:\/\/www.lamarette.com\/wp-content\/uploads\/animaux-12-600x450.jpg\" class=\"img-responsive wp-image-5719\"\/><\/a><\/span><\/div><div style=\"text-align:center;\"><span class=\" fusion-imageframe imageframe-none imageframe-4 hover-type-none\"><a href=\"https:\/\/www.lamarette.com\/wp-content\/uploads\/animaux-11.jpg\" class=\"fusion-lightbox\" data-rel=\"iLightbox[dog]\" data-title=\"Tiere\" title=\"Tiere\"><img decoding=\"async\" width=\"600\" height=\"450\" alt=\"Tiere\" src=\"https:\/\/www.lamarette.com\/wp-content\/uploads\/animaux-11-600x450.jpg\" class=\"img-responsive wp-image-5715\"\/><\/a><\/span><\/div><div style=\"text-align:center;\"><span class=\" fusion-imageframe imageframe-none imageframe-5 hover-type-none\"><a href=\"https:\/\/www.lamarette.com\/wp-content\/uploads\/animaux-10.jpg\" class=\"fusion-lightbox\" data-rel=\"iLightbox[dog]\" data-title=\"Tiere\" title=\"Tiere\"><img decoding=\"async\" width=\"600\" height=\"450\" alt=\"Tiere\" src=\"https:\/\/www.lamarette.com\/wp-content\/uploads\/animaux-10-600x450.jpg\" class=\"img-responsive wp-image-5711\" srcset=\"https:\/\/www.lamarette.com\/wp-content\/uploads\/animaux-10-200x150.jpg 200w, https:\/\/www.lamarette.com\/wp-content\/uploads\/animaux-10-400x300.jpg 400w, https:\/\/www.lamarette.com\/wp-content\/uploads\/animaux-10-600x450.jpg 600w, https:\/\/www.lamarette.com\/wp-content\/uploads\/animaux-10.jpg 618w\" sizes=\"(max-width: 1024px) 100vw, (max-width: 640px) 100vw, 600px\" \/><\/a><\/span><\/div><\/div><\/div><style type=\"text\/css\">.fusion-body .fusion-builder-column-4{width:100% !important;margin-top : 0px;margin-bottom : 20px;}.fusion-builder-column-4 > .fusion-column-wrapper {padding-top : 0px !important;padding-right : 0px !important;margin-right : 1.92%;padding-bottom : 0px !important;padding-left : 0px !important;margin-left : 1.92%;}@media only screen and (max-width:1024px) {.fusion-body .fusion-builder-column-4{width:100% !important;order : 0;}.fusion-builder-column-4 > .fusion-column-wrapper {margin-right : 1.92%;margin-left : 1.92%;}}@media only screen and (max-width:640px) {.fusion-body .fusion-builder-column-4{width:100% !important;order : 0;}.fusion-builder-column-4 > .fusion-column-wrapper {margin-right : 1.92%;margin-left : 1.92%;}}<\/style><\/div><style type=\"text\/css\">.fusion-body .fusion-flex-container.fusion-builder-row-1{ padding-top : 50px;margin-top : 0px;padding-right : 0px;padding-bottom : 30px;margin-bottom : 0px;padding-left : 0px;}<\/style><\/div>\n","protected":false},"excerpt":{"rendered":"<p>La Marette wurde mit dem G\u00fctesiegel f\u00fcr Hundefreundlichkeit \u201eQualidog\u201c und 2 Hundeschnauzen ausgezeichnet und freut sich auf Ihre Hunde und andere Haustiere &#8230;<\/p>\n","protected":false},"author":1,"featured_media":5637,"parent":946,"menu_order":18,"comment_status":"closed","ping_status":"closed","template":"","meta":{"_acf_changed":false,"footnotes":""},"class_list":["post-6093","page","type-page","status-publish","has-post-thumbnail","hentry"],"acf":[],"_links":{"self":[{"href":"https:\/\/www.lamarette.com\/de\/wp-json\/wp\/v2\/pages\/6093","targetHints":{"allow":["GET"]}}],"collection":[{"href":"https:\/\/www.lamarette.com\/de\/wp-json\/wp\/v2\/pages"}],"about":[{"href":"https:\/\/www.lamarette.com\/de\/wp-json\/wp\/v2\/types\/page"}],"author":[{"embeddable":true,"href":"https:\/\/www.lamarette.com\/de\/wp-json\/wp\/v2\/users\/1"}],"replies":[{"embeddable":true,"href":"https:\/\/www.lamarette.com\/de\/wp-json\/wp\/v2\/comments?post=6093"}],"version-history":[{"count":3,"href":"https:\/\/www.lamarette.com\/de\/wp-json\/wp\/v2\/pages\/6093\/revisions"}],"predecessor-version":[{"id":6124,"href":"https:\/\/www.lamarette.com\/de\/wp-json\/wp\/v2\/pages\/6093\/revisions\/6124"}],"up":[{"embeddable":true,"href":"https:\/\/www.lamarette.com\/de\/wp-json\/wp\/v2\/pages\/946"}],"wp:featuredmedia":[{"embeddable":true,"href":"https:\/\/www.lamarette.com\/de\/wp-json\/wp\/v2\/media\/5637"}],"wp:attachment":[{"href":"https:\/\/www.lamarette.com\/de\/wp-json\/wp\/v2\/media?parent=6093"}],"curies":[{"name":"wp","href":"https:\/\/api.w.org\/{rel}","templated":true}]}}