{"id":6082,"date":"2023-04-11T15:00:14","date_gmt":"2023-04-11T13:00:14","guid":{"rendered":"https:\/\/www.lamarette.com\/der-campingplatz\/activites-animations\/"},"modified":"2025-11-21T14:38:03","modified_gmt":"2025-11-21T13:38:03","slug":"sport-und-freizeitangebote","status":"publish","type":"page","link":"https:\/\/www.lamarette.com\/de\/der-campingplatz\/sport-und-freizeitangebote\/","title":{"rendered":"Sport- und Freizeitangebote"},"content":{"rendered":"<p><div class=\"fusion-fullwidth fullwidth-box fusion-builder-row-1 fusion-flex-container bg-green nonhundred-percent-fullwidth non-hundred-percent-height-scrolling\" style=\"background-color: rgba(255,255,255,0);background-position: center center;background-repeat: no-repeat;border-width: 0px 0px 0px 0px;border-color:#eae9e9;border-style:solid;\" ><div class=\"fusion-builder-row fusion-row fusion-flex-align-items-flex-start fusion-flex-justify-content-center\" style=\"max-width:1664px;margin-left: calc(-4% \/ 2 );margin-right: calc(-4% \/ 2 );\"><div class=\"fusion-layout-column fusion_builder_column fusion-builder-column-0 fusion_builder_column_1_1 1_1 fusion-flex-column white-color font-semi-up\"><div class=\"fusion-column-wrapper fusion-flex-justify-content-flex-start fusion-content-layout-column\" style=\"background-position:left top;background-repeat:no-repeat;-webkit-background-size:cover;-moz-background-size:cover;-o-background-size:cover;background-size:cover;padding: 30px 0px 0px 0px;\"><div class=\"fusion-text fusion-text-1\" style=\"transform:translate3d(0,0,0);\"><p style=\"text-align: center;\">In unserem beschaulichen, aber lebendigen Urlaubsort erwartet Sie w\u00e4hrend der gesamten Saison ein umfangreiches Unterhaltungsangebot..<br \/>\nHier ist f\u00fcr jeden Geschmack etwas geboten!<br \/>\nSport- und Spielanimationen, gesellige Mahlzeiten, Tanzabende oder Shows f\u00fcr Kinder.<br \/>\nFreuen Sie sich au\u00dferdem auf den Bauernmarkt, Konzerte und verschiedene Themenabende.<\/p>\n<\/div><\/div><\/div><style type=\"text\/css\">.fusion-body .fusion-builder-column-0{width:100% !important;margin-top : 0px;margin-bottom : 20px;}.fusion-builder-column-0 > .fusion-column-wrapper {padding-top : 30px !important;padding-right : 0px !important;margin-right : 1.92%;padding-bottom : 0px !important;padding-left : 0px !important;margin-left : 1.92%;}@media only screen and (max-width:1024px) {.fusion-body .fusion-builder-column-0{width:100% !important;order : 0;}.fusion-builder-column-0 > .fusion-column-wrapper {margin-right : 1.92%;margin-left : 1.92%;}}@media only screen and (max-width:640px) {.fusion-body .fusion-builder-column-0{width:100% !important;order : 0;}.fusion-builder-column-0 > .fusion-column-wrapper {margin-right : 1.92%;margin-left : 1.92%;}}<\/style><\/div><style type=\"text\/css\">.fusion-body .fusion-flex-container.fusion-builder-row-1{ padding-top : 0px;margin-top : 0px;padding-right : 0px;padding-bottom : 0px;margin-bottom : 30px;padding-left : 0px;}<\/style><\/div><div class=\"fusion-fullwidth fullwidth-box fusion-builder-row-2 fusion-flex-container nonhundred-percent-fullwidth non-hundred-percent-height-scrolling\" style=\"background-color: rgba(255,255,255,0);background-position: center center;background-repeat: no-repeat;border-width: 0px 0px 0px 0px;border-color:#eae9e9;border-style:solid;\" ><div class=\"fusion-builder-row fusion-row fusion-flex-align-items-flex-start\" style=\"max-width:1664px;margin-left: calc(-4% \/ 2 );margin-right: calc(-4% \/ 2 );\"><div class=\"fusion-layout-column fusion_builder_column fusion-builder-column-1 fusion_builder_column_1_2 1_2 fusion-flex-column\"><div class=\"fusion-column-wrapper fusion-flex-justify-content-flex-start fusion-content-layout-column\" style=\"background-position:left top;background-repeat:no-repeat;-webkit-background-size:cover;-moz-background-size:cover;-o-background-size:cover;background-size:cover;padding: 0px 0px 0px 0px;\"><style type=\"text\/css\">@media only screen and (max-width:1024px) {.fusion-title.fusion-title-1{margin-top:0px!important;margin-bottom:31px!important;}}@media only screen and (max-width:640px) {.fusion-title.fusion-title-1{margin-top:10px!important;margin-bottom:10px!important;}}<\/style><div class=\"fusion-title title fusion-title-1 fusion-sep-none fusion-title-text fusion-title-size-two\" style=\"margin-top:0px;margin-bottom:31px;\"><h2 class=\"title-heading-left\" style=\"margin:0;\">Freizeitangebote am Tag<\/h2><\/div><div class=\"fusion-text fusion-text-2\" style=\"transform:translate3d(0,0,0);\"><p>Es ist wirklich f\u00fcr <strong>alles<\/strong> gesorgt, damit Ihr Urlaub zu einem unvergesslichen Erlebnis wird.<\/p>\n<p>Jeden Sonntagabend um 18 Uhr treffen wir uns zu einem <strong>Begr\u00fc\u00dfungsgetr\u00e4nk<\/strong>, damit Sie gut in den Urlaub starten. Sie erhalten einen \u00dcberblick \u00fcber das Programm der Woche und wir k\u00f6nnen uns bei einem k\u00fchlen Getr\u00e4nk unterhalten.<\/p>\n<p>Auf dem Campingplatz finden Sie ein City-Stadion mit Fu\u00dfballtor, Basketballkorb und <strong>Volleyballnetz<\/strong>, <strong>Tischtennisplatten<\/strong>, einen <strong>P\u00e9tanque-Platz<\/strong> und einen Spielplatz f\u00fcr die Kinder.<\/p>\n<p>Die ganze Woche \u00fcber bietet Ihnen unsere Animateur:innen eine Reihe von Freizeitaktivit\u00e4ten an. F\u00fcr Fans der beliebten Kugeln findet ein <strong>P\u00e9tanque<\/strong>-Turnier statt. Am sp\u00e4ten Nachmittag, lassen Sie sich von unseren verschiedenen <strong>Sportturnieren<\/strong> begeistern. Eine Teenie-Night steht ebenfalls auf dem Programm!<\/p>\n<p>Cl\u00e9ment begleitet Sie jeden Mittwochmorgen bei der Wanderung \u201e<strong>Balade de Clem<\/strong>\u201c auf dem TARANIS-<strong>Parcours<\/strong>, der die besonders Tapferen unter Ihnen mit einem 360\u00b0-Panorama auf dem Tour de Brison belohnt.<\/p>\n<\/div><\/div><\/div><style type=\"text\/css\">.fusion-body .fusion-builder-column-1{width:50% !important;margin-top : 0px;margin-bottom : 20px;}.fusion-builder-column-1 > .fusion-column-wrapper {padding-top : 0px !important;padding-right : 0px !important;margin-right : 3.84%;padding-bottom : 0px !important;padding-left : 0px !important;margin-left : 3.84%;}@media only screen and (max-width:1024px) {.fusion-body .fusion-builder-column-1{width:100% !important;order : 0;}.fusion-builder-column-1 > .fusion-column-wrapper {margin-right : 1.92%;margin-left : 1.92%;}}@media only screen and (max-width:640px) {.fusion-body .fusion-builder-column-1{width:100% !important;order : 0;}.fusion-builder-column-1 > .fusion-column-wrapper {margin-right : 1.92%;margin-left : 1.92%;}}<\/style><div class=\"fusion-layout-column fusion_builder_column fusion-builder-column-2 fusion_builder_column_1_2 1_2 fusion-flex-column\"><div class=\"fusion-column-wrapper fusion-flex-justify-content-flex-start fusion-content-layout-column\" style=\"background-position:left top;background-repeat:no-repeat;-webkit-background-size:cover;-moz-background-size:cover;-o-background-size:cover;background-size:cover;padding: 0px 0px 0px 0px;\"><style type=\"text\/css\">@media only screen and (max-width:1024px) {.fusion-title.fusion-title-2{margin-top:0px!important;margin-bottom:31px!important;}}@media only screen and (max-width:640px) {.fusion-title.fusion-title-2{margin-top:10px!important;margin-bottom:10px!important;}}<\/style><div class=\"fusion-title title fusion-title-2 fusion-sep-none fusion-title-text fusion-title-size-two\" style=\"margin-top:0px;margin-bottom:31px;\"><h2 class=\"title-heading-left\" style=\"margin:0;\">Freizeitaktivit\u00e4ten am Abend<\/h2><\/div><div class=\"fusion-text fusion-text-3\" style=\"transform:translate3d(0,0,0);\"><p>Im Juli und August k\u00f6nnen Sie sich auf angenehme Abende mit Animation in der Bar\/Restaurant des Campingplatzes freuen.<\/p>\n<p>Ab 19 oder 21 Uhr erwartet Sie mehrmals pro Woche ein buntes Unterhaltungsprogramm: Konzerte, Zaubershows, Karaoke, Lotto, &#8230;<\/p>\n<p>Genie\u00dfen Sie die Atmosph\u00e4re und lassen Sie sich unsere Cocktails schmecken!<\/p>\n<p>Jeden Montag ist Burger-Abend, jeden Donnerstag Moules-Frites-Abend mit anschlie\u00dfendem Konzert.<\/p>\n<\/div><\/div><\/div><style type=\"text\/css\">.fusion-body .fusion-builder-column-2{width:50% !important;margin-top : 0px;margin-bottom : 20px;}.fusion-builder-column-2 > .fusion-column-wrapper {padding-top : 0px !important;padding-right : 0px !important;margin-right : 3.84%;padding-bottom : 0px !important;padding-left : 0px !important;margin-left : 3.84%;}@media only screen and (max-width:1024px) {.fusion-body .fusion-builder-column-2{width:100% !important;order : 0;}.fusion-builder-column-2 > .fusion-column-wrapper {margin-right : 1.92%;margin-left : 1.92%;}}@media only screen and (max-width:640px) {.fusion-body .fusion-builder-column-2{width:100% !important;order : 0;}.fusion-builder-column-2 > .fusion-column-wrapper {margin-right : 1.92%;margin-left : 1.92%;}}<\/style><div class=\"fusion-layout-column fusion_builder_column fusion-builder-column-3 fusion_builder_column_1_1 1_1 fusion-flex-column galerie galerie-4\"><div class=\"fusion-column-wrapper fusion-flex-justify-content-flex-start fusion-content-layout-column\" style=\"background-position:left top;background-repeat:no-repeat;-webkit-background-size:cover;-moz-background-size:cover;-o-background-size:cover;background-size:cover;padding: 0px 0px 0px 0px;\"><div style=\"text-align:center;\"><span class=\" fusion-imageframe imageframe-none imageframe-1 hover-type-none\"><a href=\"https:\/\/www.lamarette.com\/wp-content\/uploads\/activittes-animation-balade-de-clem.jpg\" class=\"fusion-lightbox\" data-rel=\"iLightbox[animation]\" data-title=\"Clem gehen\" title=\"Clem gehen\"><img decoding=\"async\" width=\"600\" height=\"450\" alt=\"Clem gehen\" src=\"https:\/\/www.lamarette.com\/wp-content\/uploads\/activittes-animation-balade-de-clem-600x450.jpg\" class=\"img-responsive wp-image-5660\" srcset=\"https:\/\/www.lamarette.com\/wp-content\/uploads\/activittes-animation-balade-de-clem-200x150.jpg 200w, https:\/\/www.lamarette.com\/wp-content\/uploads\/activittes-animation-balade-de-clem-400x300.jpg 400w, https:\/\/www.lamarette.com\/wp-content\/uploads\/activittes-animation-balade-de-clem-600x450.jpg 600w, https:\/\/www.lamarette.com\/wp-content\/uploads\/activittes-animation-balade-de-clem-800x600.jpg 800w, https:\/\/www.lamarette.com\/wp-content\/uploads\/activittes-animation-balade-de-clem-1200x900.jpg 1200w, https:\/\/www.lamarette.com\/wp-content\/uploads\/activittes-animation-balade-de-clem.jpg 1400w\" sizes=\"(max-width: 1024px) 100vw, (max-width: 640px) 100vw, 600px\" \/><\/a><\/span><\/div><div style=\"text-align:center;\"><span class=\" fusion-imageframe imageframe-none imageframe-2 hover-type-none\"><a href=\"https:\/\/www.lamarette.com\/wp-content\/uploads\/activittes-animation-aquafun.jpg\" class=\"fusion-lightbox\" data-rel=\"iLightbox[animation]\" data-title=\"Aquafun\" title=\"Aquafun\"><img decoding=\"async\" width=\"600\" height=\"450\" alt=\"Aquafun\" src=\"https:\/\/www.lamarette.com\/wp-content\/uploads\/activittes-animation-aquafun-600x450.jpg\" class=\"img-responsive wp-image-5656\"\/><\/a><\/span><\/div><div style=\"text-align:center;\"><span class=\" fusion-imageframe imageframe-none imageframe-3 hover-type-none\"><a href=\"https:\/\/www.lamarette.com\/wp-content\/uploads\/activittes-animation-chanteur.jpg\" class=\"fusion-lightbox\" data-rel=\"iLightbox[animation]\" data-title=\"S\u00e4nger\" title=\"S\u00e4nger\"><img decoding=\"async\" width=\"600\" height=\"450\" alt=\"S\u00e4nger\" src=\"https:\/\/www.lamarette.com\/wp-content\/uploads\/activittes-animation-chanteur-600x450.jpg\" class=\"img-responsive wp-image-5668\"\/><\/a><\/span><\/div><div style=\"text-align:center;\"><span class=\" fusion-imageframe imageframe-none imageframe-4 hover-type-none\"><a href=\"https:\/\/www.lamarette.com\/wp-content\/uploads\/activittes-animation-petanque.jpg\" class=\"fusion-lightbox\" data-rel=\"iLightbox[animation]\" data-title=\"P\u00e9tanque\" title=\"P\u00e9tanque\"><img decoding=\"async\" width=\"600\" height=\"450\" alt=\"P\u00e9tanque\" src=\"https:\/\/www.lamarette.com\/wp-content\/uploads\/activittes-animation-petanque-600x450.jpg\" class=\"img-responsive wp-image-5676\"\/><\/a><\/span><\/div><div style=\"text-align:center;\"><span class=\" fusion-imageframe imageframe-none imageframe-5 hover-type-none\"><a href=\"https:\/\/www.lamarette.com\/wp-content\/uploads\/activite-animation-3.jpg\" class=\"fusion-lightbox\" data-rel=\"iLightbox[animation]\" data-title=\"Basketball\" title=\"Basketball\"><img decoding=\"async\" width=\"600\" height=\"450\" alt=\"Basketball\" src=\"https:\/\/www.lamarette.com\/wp-content\/uploads\/activite-animation-3-600x450.jpg\" class=\"img-responsive wp-image-6773\"\/><\/a><\/span><\/div><div style=\"text-align:center;\"><span class=\" fusion-imageframe imageframe-none imageframe-6 hover-type-none\"><a href=\"https:\/\/www.lamarette.com\/wp-content\/uploads\/activite-animation-4.jpg\" class=\"fusion-lightbox\" data-rel=\"iLightbox[animation]\" data-title=\"Fitness\" title=\"Fitness\"><img decoding=\"async\" width=\"600\" height=\"450\" alt=\"Fitness\" src=\"https:\/\/www.lamarette.com\/wp-content\/uploads\/activite-animation-4-600x450.jpg\" class=\"img-responsive wp-image-6761\"\/><\/a><\/span><\/div><div style=\"text-align:center;\"><span class=\" fusion-imageframe imageframe-none imageframe-7 hover-type-none\"><a href=\"https:\/\/www.lamarette.com\/wp-content\/uploads\/animation.jpg\" class=\"fusion-lightbox\" data-rel=\"iLightbox[animation]\" data-title=\"Unterhaltung\" title=\"Unterhaltung\"><img decoding=\"async\" width=\"600\" height=\"450\" alt=\"Unterhaltung\" src=\"https:\/\/www.lamarette.com\/wp-content\/uploads\/animation-600x450.jpg\" class=\"img-responsive wp-image-6804\"\/><\/a><\/span><\/div><div style=\"text-align:center;\"><span class=\" fusion-imageframe imageframe-none imageframe-8 hover-type-none\"><a href=\"https:\/\/www.lamarette.com\/wp-content\/uploads\/activite-animation-2.jpg\" class=\"fusion-lightbox\" data-rel=\"iLightbox[animation]\" data-title=\"Unterhaltung\" title=\"Unterhaltung\"><img decoding=\"async\" width=\"600\" height=\"450\" alt=\"Unterhaltung\" src=\"https:\/\/www.lamarette.com\/wp-content\/uploads\/activite-animation-2-600x450.jpg\" class=\"img-responsive wp-image-6769\"\/><\/a><\/span><\/div><\/div><\/div><style type=\"text\/css\">.fusion-body .fusion-builder-column-3{width:100% !important;margin-top : 0px;margin-bottom : 30px;}.fusion-builder-column-3 > .fusion-column-wrapper {padding-top : 0px !important;padding-right : 0px !important;margin-right : 1.92%;padding-bottom : 0px !important;padding-left : 0px !important;margin-left : 1.92%;}@media only screen and (max-width:1024px) {.fusion-body .fusion-builder-column-3{width:100% !important;order : 0;}.fusion-builder-column-3 > .fusion-column-wrapper {margin-right : 1.92%;margin-left : 1.92%;}}@media only screen and (max-width:640px) {.fusion-body .fusion-builder-column-3{width:100% !important;order : 0;}.fusion-builder-column-3 > .fusion-column-wrapper {margin-right : 1.92%;margin-left : 1.92%;}}<\/style><div class=\"fusion-layout-column fusion_builder_column fusion-builder-column-4 fusion_builder_column_1_1 1_1 fusion-flex-column\"><div class=\"fusion-column-wrapper fusion-flex-justify-content-flex-start fusion-content-layout-column\" style=\"background-position:left top;background-repeat:no-repeat;-webkit-background-size:cover;-moz-background-size:cover;-o-background-size:cover;background-size:cover;padding: 0px 0px 0px 0px;\"><style type=\"text\/css\">@media only screen and (max-width:1024px) {.fusion-title.fusion-title-3{margin-top:0px!important;margin-bottom:31px!important;}}@media only screen and (max-width:640px) {.fusion-title.fusion-title-3{margin-top:10px!important;margin-bottom:10px!important;}}<\/style><div class=\"fusion-title title fusion-title-3 fusion-sep-none fusion-title-text fusion-title-size-two\" style=\"margin-top:0px;margin-bottom:31px;\"><h2 class=\"title-heading-left\" style=\"margin:0;\">Die Kinderspielecke<\/h2><\/div><div class=\"fusion-text fusion-text-4\" style=\"transform:translate3d(0,0,0);\"><p>Im Juli und August, von Montag bis Freitag, 9 bis 12 Uhr und 15 bis 18 Uhr (au\u00dfer Dienstagvormittag), freuen sich unsere Animateur:innen auf Ihre Kinder (ab 4 Jahren).<\/p>\n<p>Die Kleinen k\u00f6nnen ihrer Fantasie freien Lauf lassen &#8230; Je nach Lust und Laune werden verschiedene Aktivit\u00e4ten angeboten: Schnitzeljagd, Basteln, Kreatives aus Salzteig, Malen, Spiel- und Sportangebote &#8230;<\/p>\n<p>Jeden Freitag findet am Abend eine Auff\u00fchrung der Kinder vor den Eltern statt!<\/p>\n<p>Wir freuen uns auf unvergessliche Erinnerungen f\u00fcr Ihre Kinder!<\/p>\n<\/div><\/div><\/div><style type=\"text\/css\">.fusion-body .fusion-builder-column-4{width:100% !important;margin-top : 0px;margin-bottom : 20px;}.fusion-builder-column-4 > .fusion-column-wrapper {padding-top : 0px !important;padding-right : 0px !important;margin-right : 1.92%;padding-bottom : 0px !important;padding-left : 0px !important;margin-left : 1.92%;}@media only screen and (max-width:1024px) {.fusion-body .fusion-builder-column-4{width:100% !important;order : 0;}.fusion-builder-column-4 > .fusion-column-wrapper {margin-right : 1.92%;margin-left : 1.92%;}}@media only screen and (max-width:640px) {.fusion-body .fusion-builder-column-4{width:100% !important;order : 0;}.fusion-builder-column-4 > .fusion-column-wrapper {margin-right : 1.92%;margin-left : 1.92%;}}<\/style><div class=\"fusion-layout-column fusion_builder_column fusion-builder-column-5 fusion_builder_column_1_1 1_1 fusion-flex-column galerie galerie-4\"><div class=\"fusion-column-wrapper fusion-flex-justify-content-flex-start fusion-content-layout-column\" style=\"background-position:left top;background-repeat:no-repeat;-webkit-background-size:cover;-moz-background-size:cover;-o-background-size:cover;background-size:cover;padding: 0px 0px 0px 0px;\"><div style=\"text-align:center;\"><span class=\" fusion-imageframe imageframe-none imageframe-9 hover-type-none\"><a href=\"https:\/\/www.lamarette.com\/wp-content\/uploads\/activittes-animation-camplanta.jpg\" class=\"fusion-lightbox\" data-rel=\"iLightbox[animation]\" data-title=\"Camplanta\" title=\"Camplanta\"><img decoding=\"async\" width=\"600\" height=\"450\" alt=\"Camplanta\" src=\"https:\/\/www.lamarette.com\/wp-content\/uploads\/activittes-animation-camplanta-600x450.jpg\" class=\"img-responsive wp-image-5664\" srcset=\"https:\/\/www.lamarette.com\/wp-content\/uploads\/activittes-animation-camplanta-200x150.jpg 200w, https:\/\/www.lamarette.com\/wp-content\/uploads\/activittes-animation-camplanta-400x300.jpg 400w, https:\/\/www.lamarette.com\/wp-content\/uploads\/activittes-animation-camplanta-600x450.jpg 600w, https:\/\/www.lamarette.com\/wp-content\/uploads\/activittes-animation-camplanta-800x600.jpg 800w, https:\/\/www.lamarette.com\/wp-content\/uploads\/activittes-animation-camplanta-1200x900.jpg 1200w, https:\/\/www.lamarette.com\/wp-content\/uploads\/activittes-animation-camplanta.jpg 1400w\" sizes=\"(max-width: 1024px) 100vw, (max-width: 640px) 100vw, 600px\" \/><\/a><\/span><\/div><div style=\"text-align:center;\"><span class=\" fusion-imageframe imageframe-none imageframe-10 hover-type-none\"><a href=\"https:\/\/www.lamarette.com\/wp-content\/uploads\/activittes-animation-melodie-swing.jpg\" class=\"fusion-lightbox\" data-rel=\"iLightbox[animation]\" data-title=\"Swing-Melodie\" title=\"Swing-Melodie\"><img decoding=\"async\" width=\"600\" height=\"450\" alt=\"Swing-Melodie\" src=\"https:\/\/www.lamarette.com\/wp-content\/uploads\/activittes-animation-melodie-swing-600x450.jpg\" class=\"img-responsive wp-image-5672\" srcset=\"https:\/\/www.lamarette.com\/wp-content\/uploads\/activittes-animation-melodie-swing-200x150.jpg 200w, https:\/\/www.lamarette.com\/wp-content\/uploads\/activittes-animation-melodie-swing-400x300.jpg 400w, https:\/\/www.lamarette.com\/wp-content\/uploads\/activittes-animation-melodie-swing-600x450.jpg 600w, https:\/\/www.lamarette.com\/wp-content\/uploads\/activittes-animation-melodie-swing-800x600.jpg 800w, https:\/\/www.lamarette.com\/wp-content\/uploads\/activittes-animation-melodie-swing-1200x900.jpg 1200w, https:\/\/www.lamarette.com\/wp-content\/uploads\/activittes-animation-melodie-swing.jpg 1400w\" sizes=\"(max-width: 1024px) 100vw, (max-width: 640px) 100vw, 600px\" \/><\/a><\/span><\/div><div style=\"text-align:center;\"><span class=\" fusion-imageframe imageframe-none imageframe-11 hover-type-none\"><a href=\"https:\/\/www.lamarette.com\/wp-content\/uploads\/activittes-animation-raquette.jpg\" class=\"fusion-lightbox\" data-rel=\"iLightbox[animation]\" data-title=\"Schl\u00e4ger\" title=\"Schl\u00e4ger\"><img decoding=\"async\" width=\"600\" height=\"450\" alt=\"Schl\u00e4ger\" src=\"https:\/\/www.lamarette.com\/wp-content\/uploads\/activittes-animation-raquette-600x450.jpg\" class=\"img-responsive wp-image-5684\"\/><\/a><\/span><\/div><div style=\"text-align:center;\"><span class=\" fusion-imageframe imageframe-none imageframe-12 hover-type-none\"><a href=\"https:\/\/www.lamarette.com\/wp-content\/uploads\/activittes-animation-ping-pong.jpg\" class=\"fusion-lightbox\" data-rel=\"iLightbox[animation]\" data-title=\"Tischtennis\" title=\"Tischtennis\"><img decoding=\"async\" width=\"600\" height=\"450\" alt=\"Tischtennis\" src=\"https:\/\/www.lamarette.com\/wp-content\/uploads\/activittes-animation-ping-pong-600x450.jpg\" class=\"img-responsive wp-image-5680\"\/><\/a><\/span><\/div><\/div><\/div><style type=\"text\/css\">.fusion-body .fusion-builder-column-5{width:100% !important;margin-top : 0px;margin-bottom : 20px;}.fusion-builder-column-5 > .fusion-column-wrapper {padding-top : 0px !important;padding-right : 0px !important;margin-right : 1.92%;padding-bottom : 0px !important;padding-left : 0px !important;margin-left : 1.92%;}@media only screen and (max-width:1024px) {.fusion-body .fusion-builder-column-5{width:100% !important;order : 0;}.fusion-builder-column-5 > .fusion-column-wrapper {margin-right : 1.92%;margin-left : 1.92%;}}@media only screen and (max-width:640px) {.fusion-body .fusion-builder-column-5{width:100% !important;order : 0;}.fusion-builder-column-5 > .fusion-column-wrapper {margin-right : 1.92%;margin-left : 1.92%;}}<\/style><\/div><style type=\"text\/css\">.fusion-body .fusion-flex-container.fusion-builder-row-2{ padding-top : 0px;margin-top : 0px;padding-right : 0px;padding-bottom : 0px;margin-bottom : 0px;padding-left : 0px;}<\/style><\/div><div class=\"fusion-fullwidth fullwidth-box fusion-builder-row-3 fusion-flex-container nonhundred-percent-fullwidth non-hundred-percent-height-scrolling\" style=\"background-color: rgba(255,255,255,0);background-position: center center;background-repeat: no-repeat;border-width: 0px 0px 0px 0px;border-color:#eae9e9;border-style:solid;\" ><div class=\"fusion-builder-row fusion-row fusion-flex-align-items-flex-start fusion-flex-justify-content-center\" style=\"max-width:1664px;margin-left: calc(-4% \/ 2 );margin-right: calc(-4% \/ 2 );\"><\/div><style type=\"text\/css\">.fusion-body .fusion-flex-container.fusion-builder-row-3{ padding-top : 0px;margin-top : 0px;padding-right : 0px;padding-bottom : 30px;margin-bottom : 0px;padding-left : 0px;}<\/style><\/div><\/p>\n","protected":false},"excerpt":{"rendered":"<p>In unserem beschaulichen, aber lebendigen Urlaubsort erwartet Sie w\u00e4hrend der gesamten Saison ein umfangreiches Unterhaltungsangebot.<\/p>\n","protected":false},"author":1,"featured_media":5641,"parent":946,"menu_order":16,"comment_status":"closed","ping_status":"closed","template":"100-width.php","meta":{"_acf_changed":false,"footnotes":""},"class_list":["post-6082","page","type-page","status-publish","has-post-thumbnail","hentry"],"acf":[],"_links":{"self":[{"href":"https:\/\/www.lamarette.com\/de\/wp-json\/wp\/v2\/pages\/6082","targetHints":{"allow":["GET"]}}],"collection":[{"href":"https:\/\/www.lamarette.com\/de\/wp-json\/wp\/v2\/pages"}],"about":[{"href":"https:\/\/www.lamarette.com\/de\/wp-json\/wp\/v2\/types\/page"}],"author":[{"embeddable":true,"href":"https:\/\/www.lamarette.com\/de\/wp-json\/wp\/v2\/users\/1"}],"replies":[{"embeddable":true,"href":"https:\/\/www.lamarette.com\/de\/wp-json\/wp\/v2\/comments?post=6082"}],"version-history":[{"count":5,"href":"https:\/\/www.lamarette.com\/de\/wp-json\/wp\/v2\/pages\/6082\/revisions"}],"predecessor-version":[{"id":6807,"href":"https:\/\/www.lamarette.com\/de\/wp-json\/wp\/v2\/pages\/6082\/revisions\/6807"}],"up":[{"embeddable":true,"href":"https:\/\/www.lamarette.com\/de\/wp-json\/wp\/v2\/pages\/946"}],"wp:featuredmedia":[{"embeddable":true,"href":"https:\/\/www.lamarette.com\/de\/wp-json\/wp\/v2\/media\/5641"}],"wp:attachment":[{"href":"https:\/\/www.lamarette.com\/de\/wp-json\/wp\/v2\/media?parent=6082"}],"curies":[{"name":"wp","href":"https:\/\/api.w.org\/{rel}","templated":true}]}}